{"id":498,"date":"2021-10-19T22:03:56","date_gmt":"2021-10-19T22:03:56","guid":{"rendered":"https:\/\/nowina.lu\/\/industries-expertise\/"},"modified":"2022-01-06T09:02:17","modified_gmt":"2022-01-06T09:02:17","slug":"secteurs-activite-signature-electroniq","status":"publish","type":"page","link":"https:\/\/nowina.lu\/fr\/secteurs-activite-signature-electroniq\/","title":{"rendered":"Secteurs d&rsquo;activit\u00e9"},"content":{"rendered":"\n\n\n\t\t\t<div class=\"nwa-section-2 nwa-section nwa-section--masked\"  id=\"healthcare\">\n\t\t\t\t<div class=\"nwa-section__mask \" style=\"background-image:url('https:\/\/nowina.lu\/wp-content\/uploads\/2021\/12\/NowinaSolutions_healthcareindustry-e1638868076784.jpg')\">\n\t\t\t\t\t<div class=\"nwa-banner__gradient-left\"><\/div>\n\t\t\t\t<\/div>\n\n\t\t\t\t<div class=\"nwa-container\">\n\t\t\t\t\t<div class=\"nwa-section-2__text\">\n\t\t\t\t\t\t<h6 class=\"nwa-heading-6 mb--16\">Sant\u00e9<\/h6>\n\t\t\t\t\t\t<h3 class=\"nwa-heading-3\">Optimisez l&rsquo;exp\u00e9rience des patients en adoptant nos solutions sans papier.<\/h3>\n\t\t\t\t\t<\/div>\n\n\t\t\t\t\t<div class=\"nwa-section-2__card mt--56 mt--md--0\">\n\t\t\t\t\t\t<p class=\"nwa-paragraph-2 mb--32 mb--xs--56\">\n\t\t\t\t\t\t\tLe passage \u00e0 l&rsquo;administration num\u00e9rique des soins de sant\u00e9 apporte d&rsquo;\u00e9normes gains d&rsquo;efficacit\u00e9 !<br \/>\r\n<br \/>\r\nGr\u00e2ce \u00e0 notre expertise unique en mati\u00e8re d&rsquo;interop\u00e9rabilit\u00e9, nous d\u00e9veloppons des solutions num\u00e9riques interop\u00e9rables pour les soins de sant\u00e9 qui vous permettent de partager des informations m\u00e9dicales non seulement au sein d&rsquo;une organisation de soins de sant\u00e9, mais aussi avec diff\u00e9rentes parties prenantes.<br \/>\r\n<br \/>\r\nCela se fait \u00e0 travers les pays gr\u00e2ce \u00e0 des \u00e9changes s\u00fbrs et s\u00e9curis\u00e9s. En interagissant avec tous les acteurs de la sant\u00e9, qu&rsquo;ils soient priv\u00e9s ou publics, nos solutions permettent une meilleure prise de d\u00e9cision tout en pr\u00e9servant la confidentialit\u00e9.\t\t\t\t\t\t<\/p>\n\n\t\t\t\t\t\t\t\t\t\t\t\t<a href=\"https:\/\/nowina.lu\/\/fr\/solutions\/\" class=\"nwa-button nwa-button--primary-500 nwa-button--xs-block\" target=\"\">D\u00e9couvrir nos solutions<\/a>\n\t\t\t\t\t<\/div>\n\t\t\t\t<\/div>\n\t\t\t<\/div>\n\n\t\t\t\n\t\t\t<div class=\"nwa-section-2 nwa-section nwa-section--masked\"  id=\"public-sector\">\n\t\t\t\t<div class=\"nwa-section__mask \" style=\"background-image:url('https:\/\/nowina.lu\/wp-content\/uploads\/2021\/12\/NowinaSolution_publicsector-e1638868119746.jpg')\">\n\t\t\t\t\t<div class=\"nwa-banner__gradient-left\"><\/div>\n\t\t\t\t<\/div>\n\n\t\t\t\t<div class=\"nwa-container\">\n\t\t\t\t\t<div class=\"nwa-section-2__text\">\n\t\t\t\t\t\t<h6 class=\"nwa-heading-6 mb--16\">Secteur public<\/h6>\n\t\t\t\t\t\t<h3 class=\"nwa-heading-3\">Am\u00e9liorez la prestation de vos services publics et vous concentrer davantage sur les citoyens.<\/h3>\n\t\t\t\t\t<\/div>\n\n\t\t\t\t\t<div class=\"nwa-section-2__card mt--56 mt--md--0\">\n\t\t\t\t\t\t<p class=\"nwa-paragraph-2 mb--32 mb--xs--56\">\n\t\t\t\t\t\t\tL&rsquo;administration en ligne offre un \u00e9norme potentiel pour am\u00e9liorer la prestation des services publics et permet de se centrer sur le citoyen avec une transparence accrue. Les possibilit\u00e9s offertes par la num\u00e9risation \u00e9largissent le champ des possibles en mati\u00e8re de G2C, G2B et G2G gr\u00e2ce \u00e0 une nouvelle g\u00e9n\u00e9ration de services d&rsquo;administration en ligne ouverts, flexibles et collaboratifs.<br \/>\r\n<br \/>\r\nAu sein de l&rsquo;Union europ\u00e9enne, la libre circulation des personnes exige en effet des plateformes interop\u00e9rables qui permettent aux citoyens europ\u00e9ens de traiter facilement avec les services publics d&rsquo;autres pays de l&rsquo;UE. En s&rsquo;appuyant sur les outils cl\u00e9s que sont la signature \u00e9lectronique et l&rsquo;identification \u00e9lectronique, la Commission europ\u00e9enne d\u00e9veloppe un cadre favorisant les syst\u00e8mes interop\u00e9rables pour les services publics num\u00e9riques transfrontaliers.<br \/>\r\n<br \/>\r\nEn tant qu&rsquo;expert reconnu de la mise en \u0153uvre de la r\u00e9f\u00e9rence DSS dans l&rsquo;UE et en s&rsquo;appuyant sur ses solutions d&rsquo;authentification forte, son approche pragmatique de la mise en \u0153uvre et sa connaissance approfondie du secteur public, Nowina Solutions est un partenaire pr\u00e9cieux et fiable pour d\u00e9velopper des solutions publiques interop\u00e9rables personnalis\u00e9es.\t\t\t\t\t\t<\/p>\n\n\t\t\t\t\t\t\t\t\t\t\t\t<a href=\"https:\/\/nowina.lu\/\/fr\/solutions\/\" class=\"nwa-button nwa-button--primary-500 nwa-button--xs-block\" target=\"\">D\u00e9couvrir nos solutions<\/a>\n\t\t\t\t\t<\/div>\n\t\t\t\t<\/div>\n\t\t\t<\/div>\n\n\t\t\t\n\t\t\t<div class=\"nwa-section-2 nwa-section nwa-section--masked\"  id=\"financial-sector\">\n\t\t\t\t<div class=\"nwa-section__mask \" style=\"background-image:url('https:\/\/nowina.lu\/wp-content\/uploads\/2021\/12\/NowinaSolution_financialsector-e1638868047860.jpg')\">\n\t\t\t\t\t<div class=\"nwa-banner__gradient-left\"><\/div>\n\t\t\t\t<\/div>\n\n\t\t\t\t<div class=\"nwa-container\">\n\t\t\t\t\t<div class=\"nwa-section-2__text\">\n\t\t\t\t\t\t<h6 class=\"nwa-heading-6 mb--16\">Services financiers<\/h6>\n\t\t\t\t\t\t<h3 class=\"nwa-heading-3\">Profitez des avantages de la signature \u00e9lectronique pour vos services financiers.<\/h3>\n\t\t\t\t\t<\/div>\n\n\t\t\t\t\t<div class=\"nwa-section-2__card mt--56 mt--md--0\">\n\t\t\t\t\t\t<p class=\"nwa-paragraph-2 mb--32 mb--xs--56\">\n\t\t\t\t\t\t\tLe secteur financier a subit d&rsquo;importantes transformations r\u00e9glementaires. La conformit\u00e9 r\u00e9glementaire est en hausse pour toutes les organisations financi\u00e8res.<br \/>\r\n<br \/>\r\nLa conformit\u00e9 r\u00e9glementaire fait peser une charge importante sur l&rsquo;efficacit\u00e9 op\u00e9rationnelle des acteurs financiers. Pour de nombreuses entreprises, la gestion de l&rsquo;information est un exercice manuel &#8211; du moins dans les premi\u00e8res ann\u00e9es qui suivent l&rsquo;entr\u00e9e en vigueur des nouvelles r\u00e8gles &#8211; susceptible d&rsquo;erreurs.<br \/>\r\n<br \/>\r\nLa fa\u00e7on de surmonter les d\u00e9fis r\u00e9glementaires est de transformer la conformit\u00e9 en un avantage concurrentiel et d&rsquo;\u00e9tablir des processus appropri\u00e9s pour la collecte et la gestion d&rsquo;informations valides.<br \/>\r\n<br \/>\r\nDe la banque priv\u00e9e et de l&rsquo;assurance aux fonds d&rsquo;investissement, Nowina Solutions vous fournit des solutions sans papier enti\u00e8rement conformes. \t\t\t\t\t\t<\/p>\n\n\t\t\t\t\t\t\t\t\t\t\t\t<a href=\"https:\/\/nowina.lu\/\/fr\/solutions\/\" class=\"nwa-button nwa-button--primary-500 nwa-button--xs-block\" target=\"\">D\u00e9couvrir nos solutions<\/a>\n\t\t\t\t\t<\/div>\n\t\t\t\t<\/div>\n\t\t\t<\/div>\n\n\t\t\t<\/div>","protected":false},"excerpt":{"rendered":"","protected":false},"author":3,"featured_media":857,"parent":0,"menu_order":0,"comment_status":"closed","ping_status":"closed","template":"industries-expertise.php","meta":{"content-type":"","footnotes":""},"class_list":["post-498","page","type-page","status-publish","has-post-thumbnail","hentry"],"acf":[],"yoast_head":"<!-- This site is optimized with the Yoast SEO plugin v27.4 - https:\/\/yoast.com\/product\/yoast-seo-wordpress\/ -->\n<title>Secteurs d&#039;activit\u00e9 \u2022 Signature \u00e9lectronique | Nowina Solutions<\/title>\n<meta name=\"description\" content=\"Profitez d&#039;une expertise unique sur la signature \u00e9lectronique et une connaissance des secteurs d&#039;activit\u00e9.\" \/>\n<meta name=\"robots\" content=\"index, follow, max-snippet:-1, max-image-preview:large, max-video-preview:-1\" \/>\n<link rel=\"canonical\" href=\"https:\/\/nowina.lu\/fr\/secteurs-activite-signature-electroniq\/\" \/>\n<meta property=\"og:locale\" content=\"fr_FR\" \/>\n<meta property=\"og:type\" content=\"article\" \/>\n<meta property=\"og:title\" content=\"Secteurs d&#039;activit\u00e9 \u2022 Signature \u00e9lectronique | Nowina Solutions\" \/>\n<meta property=\"og:description\" content=\"Profitez d&#039;une expertise unique sur la signature \u00e9lectronique et une connaissance des secteurs d&#039;activit\u00e9.\" \/>\n<meta property=\"og:url\" content=\"https:\/\/nowina.lu\/fr\/secteurs-activite-signature-electroniq\/\" \/>\n<meta property=\"og:site_name\" content=\"Nowina\" \/>\n<meta property=\"article:publisher\" content=\"https:\/\/www.facebook.com\/nowinasolutions\/\" \/>\n<meta property=\"article:modified_time\" content=\"2022-01-06T09:02:17+00:00\" \/>\n<meta property=\"og:image\" content=\"https:\/\/nowina.lu\/wp-content\/uploads\/2022\/01\/shutterstock_1499939441-1-e1641459729850.jpg\" \/>\n\t<meta property=\"og:image:width\" content=\"600\" \/>\n\t<meta property=\"og:image:height\" content=\"400\" \/>\n\t<meta property=\"og:image:type\" content=\"image\/jpeg\" \/>\n<meta name=\"twitter:card\" content=\"summary_large_image\" \/>\n<meta name=\"twitter:title\" content=\"Secteurs d&#039;activit\u00e9 \u2022 Signature \u00e9lectronique | Nowina Solutions\" \/>\n<meta name=\"twitter:description\" content=\"Profitez d&#039;une expertise unique sur la signature \u00e9lectronique et une connaissance des secteurs d&#039;activit\u00e9.\" \/>\n<meta name=\"twitter:image\" content=\"https:\/\/nowina.lu\/wp-content\/uploads\/2022\/01\/shutterstock_1499939441-1-e1641459729850.jpg\" \/>\n<meta name=\"twitter:site\" content=\"@NowinaSolutions\" \/>\n<script type=\"application\/ld+json\" class=\"yoast-schema-graph\">{\"@context\":\"https:\\\/\\\/schema.org\",\"@graph\":[{\"@type\":\"WebPage\",\"@id\":\"https:\\\/\\\/nowina.lu\\\/fr\\\/secteurs-activite-signature-electroniq\\\/\",\"url\":\"https:\\\/\\\/nowina.lu\\\/fr\\\/secteurs-activite-signature-electroniq\\\/\",\"name\":\"Secteurs d'activit\u00e9 \u2022 Signature \u00e9lectronique | Nowina Solutions\",\"isPartOf\":{\"@id\":\"https:\\\/\\\/nowina.lu\\\/fr\\\/#website\"},\"primaryImageOfPage\":{\"@id\":\"https:\\\/\\\/nowina.lu\\\/fr\\\/secteurs-activite-signature-electroniq\\\/#primaryimage\"},\"image\":{\"@id\":\"https:\\\/\\\/nowina.lu\\\/fr\\\/secteurs-activite-signature-electroniq\\\/#primaryimage\"},\"thumbnailUrl\":\"https:\\\/\\\/nowina.lu\\\/wp-content\\\/uploads\\\/2021\\\/12\\\/Nowina_IndustriesExpertise-e1638960331895.jpg\",\"datePublished\":\"2021-10-19T22:03:56+00:00\",\"dateModified\":\"2022-01-06T09:02:17+00:00\",\"description\":\"Profitez d'une expertise unique sur la signature \u00e9lectronique et une connaissance des secteurs d'activit\u00e9.\",\"breadcrumb\":{\"@id\":\"https:\\\/\\\/nowina.lu\\\/fr\\\/secteurs-activite-signature-electroniq\\\/#breadcrumb\"},\"inLanguage\":\"fr-FR\",\"potentialAction\":[{\"@type\":\"ReadAction\",\"target\":[\"https:\\\/\\\/nowina.lu\\\/fr\\\/secteurs-activite-signature-electroniq\\\/\"]}]},{\"@type\":\"ImageObject\",\"inLanguage\":\"fr-FR\",\"@id\":\"https:\\\/\\\/nowina.lu\\\/fr\\\/secteurs-activite-signature-electroniq\\\/#primaryimage\",\"url\":\"https:\\\/\\\/nowina.lu\\\/wp-content\\\/uploads\\\/2021\\\/12\\\/Nowina_IndustriesExpertise-e1638960331895.jpg\",\"contentUrl\":\"https:\\\/\\\/nowina.lu\\\/wp-content\\\/uploads\\\/2021\\\/12\\\/Nowina_IndustriesExpertise-e1638960331895.jpg\",\"width\":1000,\"height\":667,\"caption\":\"Nowina_Buildings_Industries,Expertise\"},{\"@type\":\"BreadcrumbList\",\"@id\":\"https:\\\/\\\/nowina.lu\\\/fr\\\/secteurs-activite-signature-electroniq\\\/#breadcrumb\",\"itemListElement\":[{\"@type\":\"ListItem\",\"position\":1,\"name\":\"Home\",\"item\":\"https:\\\/\\\/nowina.lu\\\/fr\\\/\"},{\"@type\":\"ListItem\",\"position\":2,\"name\":\"Secteurs d&#8217;activit\u00e9\"}]},{\"@type\":\"WebSite\",\"@id\":\"https:\\\/\\\/nowina.lu\\\/fr\\\/#website\",\"url\":\"https:\\\/\\\/nowina.lu\\\/fr\\\/\",\"name\":\"nowina\",\"description\":\"Reap the benefits of electronic signature\",\"publisher\":{\"@id\":\"https:\\\/\\\/nowina.lu\\\/fr\\\/#organization\"},\"potentialAction\":[{\"@type\":\"SearchAction\",\"target\":{\"@type\":\"EntryPoint\",\"urlTemplate\":\"https:\\\/\\\/nowina.lu\\\/fr\\\/?s={search_term_string}\"},\"query-input\":{\"@type\":\"PropertyValueSpecification\",\"valueRequired\":true,\"valueName\":\"search_term_string\"}}],\"inLanguage\":\"fr-FR\"},{\"@type\":\"Organization\",\"@id\":\"https:\\\/\\\/nowina.lu\\\/fr\\\/#organization\",\"name\":\"Nowina Solutions\",\"url\":\"https:\\\/\\\/nowina.lu\\\/fr\\\/\",\"logo\":{\"@type\":\"ImageObject\",\"inLanguage\":\"fr-FR\",\"@id\":\"https:\\\/\\\/nowina.lu\\\/fr\\\/#\\\/schema\\\/logo\\\/image\\\/\",\"url\":\"https:\\\/\\\/nowina.lu\\\/\\\/wp-content\\\/uploads\\\/2021\\\/11\\\/logo-primary.png\",\"contentUrl\":\"https:\\\/\\\/nowina.lu\\\/\\\/wp-content\\\/uploads\\\/2021\\\/11\\\/logo-primary.png\",\"width\":501,\"height\":101,\"caption\":\"Nowina Solutions\"},\"image\":{\"@id\":\"https:\\\/\\\/nowina.lu\\\/fr\\\/#\\\/schema\\\/logo\\\/image\\\/\"},\"sameAs\":[\"https:\\\/\\\/www.facebook.com\\\/nowinasolutions\\\/\",\"https:\\\/\\\/x.com\\\/NowinaSolutions\",\"https:\\\/\\\/www.linkedin.com\\\/company\\\/nowina-solutions\\\/\"]}]}<\/script>\n<!-- \/ Yoast SEO plugin. -->","yoast_head_json":{"title":"Secteurs d'activit\u00e9 \u2022 Signature \u00e9lectronique | Nowina Solutions","description":"Profitez d'une expertise unique sur la signature \u00e9lectronique et une connaissance des secteurs d'activit\u00e9.","robots":{"index":"index","follow":"follow","max-snippet":"max-snippet:-1","max-image-preview":"max-image-preview:large","max-video-preview":"max-video-preview:-1"},"canonical":"https:\/\/nowina.lu\/fr\/secteurs-activite-signature-electroniq\/","og_locale":"fr_FR","og_type":"article","og_title":"Secteurs d'activit\u00e9 \u2022 Signature \u00e9lectronique | Nowina Solutions","og_description":"Profitez d'une expertise unique sur la signature \u00e9lectronique et une connaissance des secteurs d'activit\u00e9.","og_url":"https:\/\/nowina.lu\/fr\/secteurs-activite-signature-electroniq\/","og_site_name":"Nowina","article_publisher":"https:\/\/www.facebook.com\/nowinasolutions\/","article_modified_time":"2022-01-06T09:02:17+00:00","og_image":[{"width":600,"height":400,"url":"https:\/\/nowina.lu\/wp-content\/uploads\/2022\/01\/shutterstock_1499939441-1-e1641459729850.jpg","type":"image\/jpeg"}],"twitter_card":"summary_large_image","twitter_title":"Secteurs d'activit\u00e9 \u2022 Signature \u00e9lectronique | Nowina Solutions","twitter_description":"Profitez d'une expertise unique sur la signature \u00e9lectronique et une connaissance des secteurs d'activit\u00e9.","twitter_image":"https:\/\/nowina.lu\/wp-content\/uploads\/2022\/01\/shutterstock_1499939441-1-e1641459729850.jpg","twitter_site":"@NowinaSolutions","schema":{"@context":"https:\/\/schema.org","@graph":[{"@type":"WebPage","@id":"https:\/\/nowina.lu\/fr\/secteurs-activite-signature-electroniq\/","url":"https:\/\/nowina.lu\/fr\/secteurs-activite-signature-electroniq\/","name":"Secteurs d'activit\u00e9 \u2022 Signature \u00e9lectronique | Nowina Solutions","isPartOf":{"@id":"https:\/\/nowina.lu\/fr\/#website"},"primaryImageOfPage":{"@id":"https:\/\/nowina.lu\/fr\/secteurs-activite-signature-electroniq\/#primaryimage"},"image":{"@id":"https:\/\/nowina.lu\/fr\/secteurs-activite-signature-electroniq\/#primaryimage"},"thumbnailUrl":"https:\/\/nowina.lu\/wp-content\/uploads\/2021\/12\/Nowina_IndustriesExpertise-e1638960331895.jpg","datePublished":"2021-10-19T22:03:56+00:00","dateModified":"2022-01-06T09:02:17+00:00","description":"Profitez d'une expertise unique sur la signature \u00e9lectronique et une connaissance des secteurs d'activit\u00e9.","breadcrumb":{"@id":"https:\/\/nowina.lu\/fr\/secteurs-activite-signature-electroniq\/#breadcrumb"},"inLanguage":"fr-FR","potentialAction":[{"@type":"ReadAction","target":["https:\/\/nowina.lu\/fr\/secteurs-activite-signature-electroniq\/"]}]},{"@type":"ImageObject","inLanguage":"fr-FR","@id":"https:\/\/nowina.lu\/fr\/secteurs-activite-signature-electroniq\/#primaryimage","url":"https:\/\/nowina.lu\/wp-content\/uploads\/2021\/12\/Nowina_IndustriesExpertise-e1638960331895.jpg","contentUrl":"https:\/\/nowina.lu\/wp-content\/uploads\/2021\/12\/Nowina_IndustriesExpertise-e1638960331895.jpg","width":1000,"height":667,"caption":"Nowina_Buildings_Industries,Expertise"},{"@type":"BreadcrumbList","@id":"https:\/\/nowina.lu\/fr\/secteurs-activite-signature-electroniq\/#breadcrumb","itemListElement":[{"@type":"ListItem","position":1,"name":"Home","item":"https:\/\/nowina.lu\/fr\/"},{"@type":"ListItem","position":2,"name":"Secteurs d&#8217;activit\u00e9"}]},{"@type":"WebSite","@id":"https:\/\/nowina.lu\/fr\/#website","url":"https:\/\/nowina.lu\/fr\/","name":"nowina","description":"Reap the benefits of electronic signature","publisher":{"@id":"https:\/\/nowina.lu\/fr\/#organization"},"potentialAction":[{"@type":"SearchAction","target":{"@type":"EntryPoint","urlTemplate":"https:\/\/nowina.lu\/fr\/?s={search_term_string}"},"query-input":{"@type":"PropertyValueSpecification","valueRequired":true,"valueName":"search_term_string"}}],"inLanguage":"fr-FR"},{"@type":"Organization","@id":"https:\/\/nowina.lu\/fr\/#organization","name":"Nowina Solutions","url":"https:\/\/nowina.lu\/fr\/","logo":{"@type":"ImageObject","inLanguage":"fr-FR","@id":"https:\/\/nowina.lu\/fr\/#\/schema\/logo\/image\/","url":"https:\/\/nowina.lu\/\/wp-content\/uploads\/2021\/11\/logo-primary.png","contentUrl":"https:\/\/nowina.lu\/\/wp-content\/uploads\/2021\/11\/logo-primary.png","width":501,"height":101,"caption":"Nowina Solutions"},"image":{"@id":"https:\/\/nowina.lu\/fr\/#\/schema\/logo\/image\/"},"sameAs":["https:\/\/www.facebook.com\/nowinasolutions\/","https:\/\/x.com\/NowinaSolutions","https:\/\/www.linkedin.com\/company\/nowina-solutions\/"]}]}},"_links":{"self":[{"href":"https:\/\/nowina.lu\/fr\/wp-json\/wp\/v2\/pages\/498","targetHints":{"allow":["GET"]}}],"collection":[{"href":"https:\/\/nowina.lu\/fr\/wp-json\/wp\/v2\/pages"}],"about":[{"href":"https:\/\/nowina.lu\/fr\/wp-json\/wp\/v2\/types\/page"}],"author":[{"embeddable":true,"href":"https:\/\/nowina.lu\/fr\/wp-json\/wp\/v2\/users\/3"}],"replies":[{"embeddable":true,"href":"https:\/\/nowina.lu\/fr\/wp-json\/wp\/v2\/comments?post=498"}],"version-history":[{"count":20,"href":"https:\/\/nowina.lu\/fr\/wp-json\/wp\/v2\/pages\/498\/revisions"}],"predecessor-version":[{"id":1530,"href":"https:\/\/nowina.lu\/fr\/wp-json\/wp\/v2\/pages\/498\/revisions\/1530"}],"wp:featuredmedia":[{"embeddable":true,"href":"https:\/\/nowina.lu\/fr\/wp-json\/wp\/v2\/media\/857"}],"wp:attachment":[{"href":"https:\/\/nowina.lu\/fr\/wp-json\/wp\/v2\/media?parent=498"}],"curies":[{"name":"wp","href":"https:\/\/api.w.org\/{rel}","templated":true}]}}