{"id":466,"date":"2021-10-19T22:04:35","date_gmt":"2021-10-19T22:04:35","guid":{"rendered":"https:\/\/nowina.lu\/\/esignature-faq\/"},"modified":"2022-01-11T12:29:16","modified_gmt":"2022-01-11T12:29:16","slug":"electronique-signature-faq","status":"publish","type":"page","link":"https:\/\/nowina.lu\/fr\/electronique-signature-faq\/","title":{"rendered":"eSignature FAQ"},"content":{"rendered":"\n<h2 class=\"has-text-align-center nwa-heading-3 mb--56 color--black is-style-h3 wp-block-heading\">Foire Aux Questions<\/h2>\n\n\n\n<script>\n\tdocument.addEventListener('DOMContentLoaded', () => {\n\t\tconst faq = document.querySelectorAll('.nwa-faq');\n\n\t\tconst toggleFaq = () => {\n\t\t\tif(event.type === \"click\" || event.code === \"Enter\") {\n\t\t\t\tif(event.currentTarget.getAttribute('aria-expanded') === 'false') {\n\t\t\t\t\tevent.currentTarget.setAttribute('aria-expanded', 'true');\n\t\t\t\t}\n\t\t\t\telse {\n\t\t\t\t\tevent.currentTarget.setAttribute('aria-expanded', 'false');\n\t\t\t\t}\n\t\t\t}\n\t\t};\n\n\t\tfaq.forEach(item => {\n\t\t\titem.addEventListener('click', toggleFaq);\n\t\t\titem.addEventListener('keydown', toggleFaq);\n\t\t});\n\t});\n<\/script>\n\n<div class=\"nwa-container\">\n\t\t\t\t<div class=\"nwa-faq\" role=\"button\" aria-expanded=\"false\" tabindex=\"0\">\n\t\t\t\t<div class=\"nwa-faq__trigger\">\n\t\t\t\t\t<p class=\"nwa-paragraph-1 color--black font-weight--700\">Qu&rsquo;est-ce qu&rsquo;une signature \u00e9lectronique ? <\/p>\n\t\t\t\t<\/div>\n\t\t\t\t<div class=\"nwa-faq__content\">\n\t\t\t\t\t<div class=\"nwa-wysiwyg\"><p>Une signature \u00e9lectronique est une donn\u00e9e sous forme \u00e9lectronique qui est jointe ou associ\u00e9e logiquement \u00e0 d&rsquo;autres donn\u00e9es sous forme \u00e9lectronique et qui est utilis\u00e9e par le signataire pour signer, lorsque le signataire est une personne physique.<\/p>\n<p>Comme son homologue manuscrite dans le monde hors ligne, une signature \u00e9lectronique peut \u00eatre utilis\u00e9e, par exemple, pour indiquer \u00e9lectroniquement que le signataire a r\u00e9dig\u00e9 le document, qu&rsquo;il est d&rsquo;accord avec le contenu du document ou qu&rsquo;il \u00e9tait pr\u00e9sent en tant que t\u00e9moin.<\/p>\n<p>Si vous souhaitez sceller un document en tant que personne morale (par exemple, en tant qu&rsquo;entreprise ou organisation), vous pourriez \u00eatre plut\u00f4t int\u00e9ress\u00e9 par un sceau \u00e9lectronique.<\/p>\n<\/div>\n\t\t\t\t<\/div>\n\t\t\t<\/div>\n\n\t\t\t\t\t\t<div class=\"nwa-faq\" role=\"button\" aria-expanded=\"false\" tabindex=\"0\">\n\t\t\t\t<div class=\"nwa-faq__trigger\">\n\t\t\t\t\t<p class=\"nwa-paragraph-1 color--black font-weight--700\">Qu&rsquo;est-ce qu&rsquo;un sceau \u00e9lectronique ? <\/p>\n\t\t\t\t<\/div>\n\t\t\t\t<div class=\"nwa-faq__content\">\n\t\t\t\t\t<div class=\"nwa-wysiwyg\"><p>Un sceau \u00e9lectronique est une donn\u00e9e sous forme \u00e9lectronique, qui est attach\u00e9e ou associ\u00e9e logiquement \u00e0 d&rsquo;autres donn\u00e9es sous forme \u00e9lectronique pour garantir l&rsquo;origine et l&rsquo;int\u00e9grit\u00e9 de ces derni\u00e8res, lorsque le cr\u00e9ateur d&rsquo;un sceau est une personne morale (contrairement \u00e0 la signature \u00e9lectronique qui est \u00e9mise par une personne physique).<\/p>\n<p>\u00c0 cette fin, les sceaux \u00e9lectroniques pourraient servir de preuve qu&rsquo;un document \u00e9lectronique a \u00e9t\u00e9 \u00e9mis par une personne morale, garantissant ainsi la certitude de l&rsquo;origine et de l&rsquo;int\u00e9grit\u00e9 du document. N\u00e9anmoins, dans toute l&rsquo;Union europ\u00e9enne, lorsqu&rsquo;une transaction n\u00e9cessite un sceau \u00e9lectronique qualifi\u00e9 d&rsquo;une personne morale, une signature \u00e9lectronique qualifi\u00e9e du repr\u00e9sentant autoris\u00e9 de la personne morale est \u00e9galement acceptable.<\/p>\n<\/div>\n\t\t\t\t<\/div>\n\t\t\t<\/div>\n\n\t\t\t\t\t\t<div class=\"nwa-faq\" role=\"button\" aria-expanded=\"false\" tabindex=\"0\">\n\t\t\t\t<div class=\"nwa-faq__trigger\">\n\t\t\t\t\t<p class=\"nwa-paragraph-1 color--black font-weight--700\">Pourquoi Nowina n&rsquo;appara\u00eet pas dans les \u00ab\u00a0Trusted List\u00a0\u00bb ?<\/p>\n\t\t\t\t<\/div>\n\t\t\t\t<div class=\"nwa-faq__content\">\n\t\t\t\t\t<div class=\"nwa-wysiwyg\"><p>Nowina est une entreprise qui fournit de nombreux services dans le domaine de la signature \u00e9lectronique. Ceux-ci vont du conseil et des formations aux solutions de signature \u00e9lectronique telles que EVA, notre plateforme de signature \u00e9lectronique. Ces solutions permettent de cr\u00e9er des signatures \u00e9lectroniques qualifi\u00e9es en utilisant des certificats qualifi\u00e9s. Ces derniers ne sont pas fournis par Nowina mais sont \u00e9mis par un prestataire de services de confiance qualifi\u00e9. Etant donn\u00e9 que les \u00ab\u00a0Trusted List\u00a0\u00bb contiennent les prestataires de services de confiance qualifi\u00e9s mais pas les prestataires de services qui utilisent les services de confiance, Nowina ne figure dans aucune \u00ab\u00a0Trusted List\u00a0\u00bb.<\/p>\n<p>N\u00e9anmoins, comme les solutions d\u00e9velopp\u00e9es par Nowina sont conformes aux normes eIDAS et ETSI, elles peuvent \u00eatre utilis\u00e9es par les entreprises pour devenir des prestataires de services de confiance qualifi\u00e9s pour la validation et la conservation des signatures \u00e9lectroniques et pour \u00eatre inclus dans une liste de confiance.<\/p>\n<\/div>\n\t\t\t\t<\/div>\n\t\t\t<\/div>\n\n\t\t\t\t\t\t<div class=\"nwa-faq\" role=\"button\" aria-expanded=\"false\" tabindex=\"0\">\n\t\t\t\t<div class=\"nwa-faq__trigger\">\n\t\t\t\t\t<p class=\"nwa-paragraph-1 color--black font-weight--700\">Quels sont les effets juridiques d&rsquo;une signature \u00e9lectronique ?<\/p>\n\t\t\t\t<\/div>\n\t\t\t\t<div class=\"nwa-faq__content\">\n\t\t\t\t\t<div class=\"nwa-wysiwyg\"><p>Dans tous les \u00c9tats membres de l&rsquo;UE, les effets juridiques des signatures \u00e9lectroniques sont d\u00e9finis \u00e0 l&rsquo;article 25 d&rsquo;eIDAS.<\/p>\n<p>Une signature \u00e9lectronique (qu&rsquo;elle soit simple, avanc\u00e9e ou qualifi\u00e9e) ne peut se voir refuser ses effets juridiques et son admissibilit\u00e9 comme preuve dans une proc\u00e9dure judiciaire au seul motif qu&rsquo;elle se pr\u00e9sente sous une forme \u00e9lectronique ou qu&rsquo;elle ne r\u00e9pond pas aux exigences relatives aux signatures \u00e9lectroniques qualifi\u00e9es.<\/p>\n<p>En ce qui concerne les signatures \u00e9lectroniques qualifi\u00e9es, elles ont explicitement un effet juridique \u00e9quivalent \u00e0 celui des signatures manuscrites dans tous les \u00c9tats membres de l&rsquo;UE.<\/p>\n<\/div>\n\t\t\t\t<\/div>\n\t\t\t<\/div>\n\n\t\t\t\t\t\t<div class=\"nwa-faq\" role=\"button\" aria-expanded=\"false\" tabindex=\"0\">\n\t\t\t\t<div class=\"nwa-faq__trigger\">\n\t\t\t\t\t<p class=\"nwa-paragraph-1 color--black font-weight--700\">Quels sont les niveaux (simple, avanc\u00e9 et qualifi\u00e9) de la signature \u00e9lectronique ?<\/p>\n\t\t\t\t<\/div>\n\t\t\t\t<div class=\"nwa-faq__content\">\n\t\t\t\t\t<div class=\"nwa-wysiwyg\"><p>Le r\u00e8glement eIDAS d\u00e9finit trois niveaux de signature \u00e9lectronique : la signature \u00e9lectronique \u00ab\u00a0simple\u00a0\u00bb, la signature \u00e9lectronique avanc\u00e9e et la signature \u00e9lectronique qualifi\u00e9e. Les exigences de chaque niveau sont construites sur les exigences du niveau inf\u00e9rieur, de sorte qu&rsquo;une signature \u00e9lectronique qualifi\u00e9e r\u00e9pond au plus grand nombre d&rsquo;exigences et une signature \u00e9lectronique \u00ab\u00a0simple\u00a0\u00bb au plus petit nombre.<\/p>\n<p><strong>Signatures \u00e9lectroniques \u00ab\u00a0simples\u00a0\u00bb<\/strong><\/p>\n<p>Une signature \u00e9lectronique est d\u00e9finie comme \u00ab\u00a0une donn\u00e9e sous forme \u00e9lectronique qui est jointe ou associ\u00e9e logiquement \u00e0 d&rsquo;autres donn\u00e9es sous forme \u00e9lectronique et qui est utilis\u00e9e par le signataire pour signer\u00a0\u00bb. Ainsi, quelque chose d&rsquo;aussi simple que d&rsquo;\u00e9crire son nom sous un e-mail peut constituer une signature \u00e9lectronique.<\/p>\n<p><strong>Signatures \u00e9lectroniques avanc\u00e9es (AdES)<\/strong><\/p>\n<p>Une signature \u00e9lectronique avanc\u00e9e est une signature \u00e9lectronique qui est en outre :<\/p>\n<ul>\n<li>li\u00e9e de mani\u00e8re unique au signataire et capable de l&rsquo;identifier ;<\/li>\n<li>cr\u00e9\u00e9e d&rsquo;une mani\u00e8re qui permet au signataire de garder le contr\u00f4le ;<\/li>\n<li>li\u00e9e au document de mani\u00e8re \u00e0 ce que toute modification ult\u00e9rieure des donn\u00e9es soit d\u00e9tectable.<\/li>\n<\/ul>\n<p>La technologie la plus couramment utilis\u00e9e pour r\u00e9pondre \u00e0 ces exigences repose sur l&rsquo;utilisation d&rsquo;une infrastructure \u00e0 cl\u00e9 publique (PKI), qui implique l&rsquo;utilisation de certificats et de cl\u00e9s cryptographiques.<\/p>\n<p><strong>Signatures \u00e9lectroniques qualifi\u00e9es (QES)<\/strong><\/p>\n<p>Une signature \u00e9lectronique qualifi\u00e9e est une signature \u00e9lectronique avanc\u00e9e qui est en plus :<\/p>\n<ul>\n<li>cr\u00e9\u00e9e par un dispositif de cr\u00e9ation de signature qualifi\u00e9 (QSCD) ;<\/li>\n<li>et est bas\u00e9e sur un certificat qualifi\u00e9 pour les signatures \u00e9lectroniques.<\/li>\n<\/ul>\n<\/div>\n\t\t\t\t<\/div>\n\t\t\t<\/div>\n\n\t\t\t<\/div>\n\n\n\n\n<div class=\"nwa-container mt--88\">\n\n\n\n<h3 class=\"has-text-align-center is-style-h3 mb--32 has-black-color has-text-color wp-block-heading\">Vous avez d&rsquo;autres questions ? Rendez-vous sur la FAQ du portail CEF digital pour en savoir plus. <\/h3>\n\n\n\n<div class=\"wp-block-buttons is-content-justification-center is-layout-flex wp-block-buttons-is-layout-flex\">\n<div class=\"wp-block-button is-style-fill\"><a class=\"wp-block-button__link\" href=\"https:\/\/ec.europa.eu\/cefdigital\/wiki\/display\/CEFDIGITAL\/eSignature+FAQ\" target=\"_blank\" rel=\"noreferrer noopener\">Consulter la FAQ<\/a><\/div>\n<\/div>\n\n\n\n<\/div>\n","protected":false},"excerpt":{"rendered":"<p>Foire Aux Questions Vous avez d&rsquo;autres questions ? Rendez-vous sur la FAQ du portail CEF digital pour en savoir plus.<\/p>\n","protected":false},"author":3,"featured_media":1276,"parent":0,"menu_order":0,"comment_status":"closed","ping_status":"closed","template":"faq.php","meta":{"content-type":"","footnotes":""},"class_list":["post-466","page","type-page","status-publish","has-post-thumbnail","hentry"],"acf":[],"yoast_head":"<!-- This site is optimized with the Yoast SEO plugin v27.4 - https:\/\/yoast.com\/product\/yoast-seo-wordpress\/ -->\n<title>FAQ Signature Electronique | Nowina Solutions<\/title>\n<meta name=\"description\" content=\"Consultez notre revue FAQ pour en savoir plus sur la signature \u00e9lectronique et visitez notre site web pour en savoir plus sur Nowina.\" \/>\n<meta name=\"robots\" content=\"index, follow, max-snippet:-1, max-image-preview:large, max-video-preview:-1\" \/>\n<link rel=\"canonical\" href=\"https:\/\/nowina.lu\/fr\/electronique-signature-faq\/\" \/>\n<meta property=\"og:locale\" content=\"fr_FR\" \/>\n<meta property=\"og:type\" content=\"article\" \/>\n<meta property=\"og:title\" content=\"FAQ Signature Electronique | Nowina Solutions\" \/>\n<meta property=\"og:description\" content=\"Consultez notre revue FAQ pour en savoir plus sur la signature \u00e9lectronique et visitez notre site web pour en savoir plus sur Nowina.\" \/>\n<meta property=\"og:url\" content=\"https:\/\/nowina.lu\/fr\/electronique-signature-faq\/\" \/>\n<meta property=\"og:site_name\" content=\"Nowina\" \/>\n<meta property=\"article:publisher\" content=\"https:\/\/www.facebook.com\/nowinasolutions\/\" \/>\n<meta property=\"article:modified_time\" content=\"2022-01-11T12:29:16+00:00\" \/>\n<meta property=\"og:image\" content=\"https:\/\/nowina.lu\/wp-content\/uploads\/2022\/01\/Nowina_FAQ_eSignature3.jpg\" \/>\n\t<meta property=\"og:image:width\" content=\"1024\" \/>\n\t<meta property=\"og:image:height\" content=\"683\" \/>\n\t<meta property=\"og:image:type\" content=\"image\/jpeg\" \/>\n<meta name=\"twitter:card\" content=\"summary_large_image\" \/>\n<meta name=\"twitter:image\" content=\"https:\/\/nowina.lu\/wp-content\/uploads\/2022\/01\/Nowina_FAQ_eSignature3.jpg\" \/>\n<meta name=\"twitter:site\" content=\"@NowinaSolutions\" \/>\n<meta name=\"twitter:label1\" content=\"Dur\u00e9e de lecture estim\u00e9e\" \/>\n\t<meta name=\"twitter:data1\" content=\"1 minute\" \/>\n<script type=\"application\/ld+json\" class=\"yoast-schema-graph\">{\"@context\":\"https:\\\/\\\/schema.org\",\"@graph\":[{\"@type\":\"WebPage\",\"@id\":\"https:\\\/\\\/nowina.lu\\\/fr\\\/electronique-signature-faq\\\/\",\"url\":\"https:\\\/\\\/nowina.lu\\\/fr\\\/electronique-signature-faq\\\/\",\"name\":\"FAQ Signature Electronique | Nowina Solutions\",\"isPartOf\":{\"@id\":\"https:\\\/\\\/nowina.lu\\\/fr\\\/#website\"},\"primaryImageOfPage\":{\"@id\":\"https:\\\/\\\/nowina.lu\\\/fr\\\/electronique-signature-faq\\\/#primaryimage\"},\"image\":{\"@id\":\"https:\\\/\\\/nowina.lu\\\/fr\\\/electronique-signature-faq\\\/#primaryimage\"},\"thumbnailUrl\":\"https:\\\/\\\/nowina.lu\\\/wp-content\\\/uploads\\\/2021\\\/12\\\/FAQ_eSignature-e1639470158914.jpg\",\"datePublished\":\"2021-10-19T22:04:35+00:00\",\"dateModified\":\"2022-01-11T12:29:16+00:00\",\"description\":\"Consultez notre revue FAQ pour en savoir plus sur la signature \u00e9lectronique et visitez notre site web pour en savoir plus sur Nowina.\",\"breadcrumb\":{\"@id\":\"https:\\\/\\\/nowina.lu\\\/fr\\\/electronique-signature-faq\\\/#breadcrumb\"},\"inLanguage\":\"fr-FR\",\"potentialAction\":[{\"@type\":\"ReadAction\",\"target\":[\"https:\\\/\\\/nowina.lu\\\/fr\\\/electronique-signature-faq\\\/\"]}]},{\"@type\":\"ImageObject\",\"inLanguage\":\"fr-FR\",\"@id\":\"https:\\\/\\\/nowina.lu\\\/fr\\\/electronique-signature-faq\\\/#primaryimage\",\"url\":\"https:\\\/\\\/nowina.lu\\\/wp-content\\\/uploads\\\/2021\\\/12\\\/FAQ_eSignature-e1639470158914.jpg\",\"contentUrl\":\"https:\\\/\\\/nowina.lu\\\/wp-content\\\/uploads\\\/2021\\\/12\\\/FAQ_eSignature-e1639470158914.jpg\",\"width\":650,\"height\":191,\"caption\":\"FAQ signature \u00e9lectronique\"},{\"@type\":\"BreadcrumbList\",\"@id\":\"https:\\\/\\\/nowina.lu\\\/fr\\\/electronique-signature-faq\\\/#breadcrumb\",\"itemListElement\":[{\"@type\":\"ListItem\",\"position\":1,\"name\":\"Home\",\"item\":\"https:\\\/\\\/nowina.lu\\\/fr\\\/\"},{\"@type\":\"ListItem\",\"position\":2,\"name\":\"eSignature FAQ\"}]},{\"@type\":\"WebSite\",\"@id\":\"https:\\\/\\\/nowina.lu\\\/fr\\\/#website\",\"url\":\"https:\\\/\\\/nowina.lu\\\/fr\\\/\",\"name\":\"nowina\",\"description\":\"Reap the benefits of electronic signature\",\"publisher\":{\"@id\":\"https:\\\/\\\/nowina.lu\\\/fr\\\/#organization\"},\"potentialAction\":[{\"@type\":\"SearchAction\",\"target\":{\"@type\":\"EntryPoint\",\"urlTemplate\":\"https:\\\/\\\/nowina.lu\\\/fr\\\/?s={search_term_string}\"},\"query-input\":{\"@type\":\"PropertyValueSpecification\",\"valueRequired\":true,\"valueName\":\"search_term_string\"}}],\"inLanguage\":\"fr-FR\"},{\"@type\":\"Organization\",\"@id\":\"https:\\\/\\\/nowina.lu\\\/fr\\\/#organization\",\"name\":\"Nowina Solutions\",\"url\":\"https:\\\/\\\/nowina.lu\\\/fr\\\/\",\"logo\":{\"@type\":\"ImageObject\",\"inLanguage\":\"fr-FR\",\"@id\":\"https:\\\/\\\/nowina.lu\\\/fr\\\/#\\\/schema\\\/logo\\\/image\\\/\",\"url\":\"https:\\\/\\\/nowina.lu\\\/\\\/wp-content\\\/uploads\\\/2021\\\/11\\\/logo-primary.png\",\"contentUrl\":\"https:\\\/\\\/nowina.lu\\\/\\\/wp-content\\\/uploads\\\/2021\\\/11\\\/logo-primary.png\",\"width\":501,\"height\":101,\"caption\":\"Nowina Solutions\"},\"image\":{\"@id\":\"https:\\\/\\\/nowina.lu\\\/fr\\\/#\\\/schema\\\/logo\\\/image\\\/\"},\"sameAs\":[\"https:\\\/\\\/www.facebook.com\\\/nowinasolutions\\\/\",\"https:\\\/\\\/x.com\\\/NowinaSolutions\",\"https:\\\/\\\/www.linkedin.com\\\/company\\\/nowina-solutions\\\/\"]}]}<\/script>\n<!-- \/ Yoast SEO plugin. -->","yoast_head_json":{"title":"FAQ Signature Electronique | Nowina Solutions","description":"Consultez notre revue FAQ pour en savoir plus sur la signature \u00e9lectronique et visitez notre site web pour en savoir plus sur Nowina.","robots":{"index":"index","follow":"follow","max-snippet":"max-snippet:-1","max-image-preview":"max-image-preview:large","max-video-preview":"max-video-preview:-1"},"canonical":"https:\/\/nowina.lu\/fr\/electronique-signature-faq\/","og_locale":"fr_FR","og_type":"article","og_title":"FAQ Signature Electronique | Nowina Solutions","og_description":"Consultez notre revue FAQ pour en savoir plus sur la signature \u00e9lectronique et visitez notre site web pour en savoir plus sur Nowina.","og_url":"https:\/\/nowina.lu\/fr\/electronique-signature-faq\/","og_site_name":"Nowina","article_publisher":"https:\/\/www.facebook.com\/nowinasolutions\/","article_modified_time":"2022-01-11T12:29:16+00:00","og_image":[{"width":1024,"height":683,"url":"https:\/\/nowina.lu\/wp-content\/uploads\/2022\/01\/Nowina_FAQ_eSignature3.jpg","type":"image\/jpeg"}],"twitter_card":"summary_large_image","twitter_image":"https:\/\/nowina.lu\/wp-content\/uploads\/2022\/01\/Nowina_FAQ_eSignature3.jpg","twitter_site":"@NowinaSolutions","twitter_misc":{"Dur\u00e9e de lecture estim\u00e9e":"1 minute"},"schema":{"@context":"https:\/\/schema.org","@graph":[{"@type":"WebPage","@id":"https:\/\/nowina.lu\/fr\/electronique-signature-faq\/","url":"https:\/\/nowina.lu\/fr\/electronique-signature-faq\/","name":"FAQ Signature Electronique | Nowina Solutions","isPartOf":{"@id":"https:\/\/nowina.lu\/fr\/#website"},"primaryImageOfPage":{"@id":"https:\/\/nowina.lu\/fr\/electronique-signature-faq\/#primaryimage"},"image":{"@id":"https:\/\/nowina.lu\/fr\/electronique-signature-faq\/#primaryimage"},"thumbnailUrl":"https:\/\/nowina.lu\/wp-content\/uploads\/2021\/12\/FAQ_eSignature-e1639470158914.jpg","datePublished":"2021-10-19T22:04:35+00:00","dateModified":"2022-01-11T12:29:16+00:00","description":"Consultez notre revue FAQ pour en savoir plus sur la signature \u00e9lectronique et visitez notre site web pour en savoir plus sur Nowina.","breadcrumb":{"@id":"https:\/\/nowina.lu\/fr\/electronique-signature-faq\/#breadcrumb"},"inLanguage":"fr-FR","potentialAction":[{"@type":"ReadAction","target":["https:\/\/nowina.lu\/fr\/electronique-signature-faq\/"]}]},{"@type":"ImageObject","inLanguage":"fr-FR","@id":"https:\/\/nowina.lu\/fr\/electronique-signature-faq\/#primaryimage","url":"https:\/\/nowina.lu\/wp-content\/uploads\/2021\/12\/FAQ_eSignature-e1639470158914.jpg","contentUrl":"https:\/\/nowina.lu\/wp-content\/uploads\/2021\/12\/FAQ_eSignature-e1639470158914.jpg","width":650,"height":191,"caption":"FAQ signature \u00e9lectronique"},{"@type":"BreadcrumbList","@id":"https:\/\/nowina.lu\/fr\/electronique-signature-faq\/#breadcrumb","itemListElement":[{"@type":"ListItem","position":1,"name":"Home","item":"https:\/\/nowina.lu\/fr\/"},{"@type":"ListItem","position":2,"name":"eSignature FAQ"}]},{"@type":"WebSite","@id":"https:\/\/nowina.lu\/fr\/#website","url":"https:\/\/nowina.lu\/fr\/","name":"nowina","description":"Reap the benefits of electronic signature","publisher":{"@id":"https:\/\/nowina.lu\/fr\/#organization"},"potentialAction":[{"@type":"SearchAction","target":{"@type":"EntryPoint","urlTemplate":"https:\/\/nowina.lu\/fr\/?s={search_term_string}"},"query-input":{"@type":"PropertyValueSpecification","valueRequired":true,"valueName":"search_term_string"}}],"inLanguage":"fr-FR"},{"@type":"Organization","@id":"https:\/\/nowina.lu\/fr\/#organization","name":"Nowina Solutions","url":"https:\/\/nowina.lu\/fr\/","logo":{"@type":"ImageObject","inLanguage":"fr-FR","@id":"https:\/\/nowina.lu\/fr\/#\/schema\/logo\/image\/","url":"https:\/\/nowina.lu\/\/wp-content\/uploads\/2021\/11\/logo-primary.png","contentUrl":"https:\/\/nowina.lu\/\/wp-content\/uploads\/2021\/11\/logo-primary.png","width":501,"height":101,"caption":"Nowina Solutions"},"image":{"@id":"https:\/\/nowina.lu\/fr\/#\/schema\/logo\/image\/"},"sameAs":["https:\/\/www.facebook.com\/nowinasolutions\/","https:\/\/x.com\/NowinaSolutions","https:\/\/www.linkedin.com\/company\/nowina-solutions\/"]}]}},"_links":{"self":[{"href":"https:\/\/nowina.lu\/fr\/wp-json\/wp\/v2\/pages\/466","targetHints":{"allow":["GET"]}}],"collection":[{"href":"https:\/\/nowina.lu\/fr\/wp-json\/wp\/v2\/pages"}],"about":[{"href":"https:\/\/nowina.lu\/fr\/wp-json\/wp\/v2\/types\/page"}],"author":[{"embeddable":true,"href":"https:\/\/nowina.lu\/fr\/wp-json\/wp\/v2\/users\/3"}],"replies":[{"embeddable":true,"href":"https:\/\/nowina.lu\/fr\/wp-json\/wp\/v2\/comments?post=466"}],"version-history":[{"count":27,"href":"https:\/\/nowina.lu\/fr\/wp-json\/wp\/v2\/pages\/466\/revisions"}],"predecessor-version":[{"id":1813,"href":"https:\/\/nowina.lu\/fr\/wp-json\/wp\/v2\/pages\/466\/revisions\/1813"}],"wp:featuredmedia":[{"embeddable":true,"href":"https:\/\/nowina.lu\/fr\/wp-json\/wp\/v2\/media\/1276"}],"wp:attachment":[{"href":"https:\/\/nowina.lu\/fr\/wp-json\/wp\/v2\/media?parent=466"}],"curies":[{"name":"wp","href":"https:\/\/api.w.org\/{rel}","templated":true}]}}