{"id":459,"date":"2021-11-22T20:08:02","date_gmt":"2021-11-22T20:08:02","guid":{"rendered":"https:\/\/nowina.lu\/\/legal-notice\/"},"modified":"2022-01-12T11:11:06","modified_gmt":"2022-01-12T11:11:06","slug":"mentions-legales-nowina","status":"publish","type":"page","link":"https:\/\/nowina.lu\/fr\/mentions-legales-nowina\/","title":{"rendered":"Mentions l\u00e9gales"},"content":{"rendered":"\n<h3 class=\"is-style-h3 wp-block-heading\">IDENTIT\u00c9<\/h3>\n\n\n\n<p class=\"is-style-p\">Nom du site web : Nowina Solutions<br>Adresse : <em>Energy Business Center, 15 Zone Industrielle,<\/em> <em>L-8287 Kehlen<\/em>, <em>Luxembourg<\/em><br>T\u00e9l\u00e9phone : +352 26 10 20 53 <br>Responsable de publication :  info@nowina.lu <br>Responsable de la Communication : info@nowina.lu   <\/p>\n\n\n\n<p class=\"is-style-p\">Conception et r\u00e9alisation : Lo\u00efc Sciampagna <br>Pour de plus amples informations, contacter : info@nowina.lu  <\/p>\n\n\n\n<h3 class=\"is-style-h3 wp-block-heading\">INFORMATION L\u00c9GALE <\/h3>\n\n\n\n<p class=\"is-style-p\">Le site et tout son contenu est la propri\u00e9t\u00e9 de Nowina Solutions, Soci\u00e9t\u00e9 \u00e0 Responsabilit\u00e9 Limit\u00e9e au capital de 12 600 EUR, dont le si\u00e8ge social est situ\u00e9 \u00e0, 15 ZI, L-8287 Kehlen, Luxembourg, inscrites et immatricul\u00e9es au registre de commerce de Luxembourg sous le num\u00e9ro B 186582. <\/p>\n\n\n\n<h3 class=\"is-style-h3 wp-block-heading\">AVERTISSEMENT<\/h3>\n\n\n\n<p class=\"is-style-p\">Les informations diffus\u00e9es sur ce site Internet ne fournie qu\u2019\u00e0 titre indicatif et ne rev\u00eatent aucun caract\u00e8re contractuel. Nowina Solutions ne peut en effet parfaitement garantir l\u2019exactitude, la pr\u00e9cision ou l\u2019exhaustivit\u00e9 des informations mises \u00e0 disposition sur ces sites. En cons\u00e9quence, Nowina Solutions d\u00e9cline toute responsabilit\u00e9 :<\/p>\n\n\n\n<ul class=\"is-style-ul wp-block-list\"><li>pour toute impr\u00e9cision, inexactitude ou omission portant sur des informations disponibles sur le site ;<\/li><li>pour tous dommages, directs et\/ou indirects, quelles qu\u2019en soient les causes, origines, natures ou cons\u00e9quences, provoqu\u00e9s \u00e0 raison de l\u2019acc\u00e8s de quiconque au site ou de l\u2019impossibilit\u00e9 d\u2019y acc\u00e9der, de m\u00eame que l\u2019utilisation de site et\/ou du cr\u00e9dit accord\u00e9 \u00e0 une quelconque information provenant directement ou indirectement de site.<\/li><\/ul>\n\n\n\n<p class=\"is-style-p\">Nowina Solutions se r\u00e9serve le droit de modifier ou de corriger le contenu de site \u00e0 tout moment sans pr\u00e9avis. Nowina Solutions ne saurait \u00eatre tenu pour responsable des dommages susceptibles de r\u00e9sulter de l\u2019utilisation des informations diffus\u00e9es sur ce site Internet et\/ou de l\u2019utilisation d\u2019un produit ou service auquel ces informations font r\u00e9f\u00e9rence. Il appartient \u00e0 l\u2019utilisateur de v\u00e9rifier l\u2019exactitude des informations fournies ainsi que leur utilisation.<\/p>\n\n\n\n<h3 class=\"is-style-h3 wp-block-heading\">PROPRI\u00c9T\u00c9 INTELLECTUELLE<\/h3>\n\n\n\n<p class=\"is-style-p\">Sauf mention contraire, tous les \u00e9l\u00e9ments accessibles sur le site (textes, images, graphismes, logo, ic\u00f4nes, sons, logiciels, etc.) restent la propri\u00e9t\u00e9 exclusive de leurs auteurs, en ce qui concerne les droits de propri\u00e9t\u00e9 intellectuelle ou les droits d\u2019usage.\u00a0<\/p>\n\n\n\n<p class=\"is-style-p\">Toute reproduction, repr\u00e9sentation, modification, publication, adaptation de tout ou partie des \u00e9l\u00e9ments du site, quel que soit le moyen ou le proc\u00e9d\u00e9 utilis\u00e9, est interdite, sauf autorisation \u00e9crite pr\u00e9alable de l\u2019auteur. <\/p>\n\n\n\n<p class=\"is-style-p\">Toute exploitation non autoris\u00e9e du site ou de l\u2019un quelconque des \u00e9l\u00e9ments qu\u2019il contient est consid\u00e9r\u00e9e comme constitutive d\u2019une contrefa\u00e7on et poursuivie.\u00a0 <\/p>\n\n\n\n<p class=\"is-style-p\">Nowina Solutions se r\u00e9serve le droit de demander la suppression d\u2019un lien s\u2019il estime que le site source ne respecte pas les r\u00e8gles ainsi d\u00e9finies. <\/p>\n\n\n\n<h3 class=\"is-style-h3 wp-block-heading\">CONDITIONS D&rsquo;UTILISATION <\/h3>\n\n\n\n<p class=\"is-style-p\">L\u2019utilisation du pr\u00e9sent site implique l\u2019acceptation pleine et enti\u00e8re des conditions g\u00e9n\u00e9rales d\u2019utilisation. Ces conditions d\u2019utilisation sont susceptibles d\u2019\u00eatre modifi\u00e9es ou compl\u00e9t\u00e9es \u00e0 tout moment. <\/p>\n\n\n\n<h3 class=\"is-style-h3 wp-block-heading\">LIENS HYPERTEXTES<\/h3>\n\n\n\n<p class=\"is-style-p\"><strong>Liens sortants<\/strong><br>Nowina Solutions d\u00e9cline toute responsabilit\u00e9 et n\u2019est pas engag\u00e9 par le r\u00e9f\u00e9rencement via des liens hypertextes, de ressources tierces pr\u00e9sentes sur le r\u00e9seau Internet, tant en ce qui concerne leur contenu que leur pertinence.<\/p>\n\n\n\n<p class=\"is-style-p\"><strong>Liens entrants<\/strong><br>Nowina Solutions autorise les liens hypertextes vers l\u2019une des pages de ce site, \u00e0 condition que ceux-ci ouvrent une nouvelle fen\u00eatre et soient pr\u00e9sent\u00e9s de mani\u00e8re non \u00e9quivoque afin d\u2019\u00e9viter :<\/p>\n\n\n\n<ul class=\"is-style-ul wp-block-list\"><li>tout risque de confusion entre le site citant et Nowina Solutions<\/li><li>ainsi que toute pr\u00e9sentation tendancieuse, ou contraire aux lois en vigueur.<\/li><\/ul>\n\n\n\n<p class=\"is-style-p\">Nowina Solutions se r\u00e9serve le droit de demander la suppression d\u2019un lien s\u2019il estime que le site source ne respecte pas les r\u00e8gles ainsi d\u00e9finies.<\/p>\n\n\n\n<h3 class=\"is-style-h3 wp-block-heading\">INTERACTIVIT\u00c9<\/h3>\n\n\n\n<p class=\"is-style-p\">Les utilisateurs du site peuvent y d\u00e9poser du contenu, apparaissant sur le site dans des espaces d\u00e9di\u00e9s (notamment via les commentaires). Le contenu d\u00e9pos\u00e9 reste sous la responsabilit\u00e9 de leurs auteurs, qui en assument pleinement l\u2019enti\u00e8re responsabilit\u00e9 juridique.<\/p>\n\n\n\n<p class=\"is-style-p\">Nowina Solutions se r\u00e9serve n\u00e9anmoins le droit de retirer sans pr\u00e9avis et sans justification tout contenu d\u00e9pos\u00e9 par les utilisateurs qui ne satisferait pas \u00e0 la charte d\u00e9ontologique du site ou \u00e0 la l\u00e9gislation en vigueur.<\/p>\n\n\n\n<h3 class=\"is-style-h3 wp-block-heading\">POLITIQUE EN MATI\u00c8RE DE VIE PRIV\u00c9E ET CONFIDENTIALIT\u00c9<\/h3>\n\n\n\n<p class=\"is-style-p\">Nowina Solutions se r\u00e9serve le droit de contr\u00f4ler et d\u2019examiner les informations se rapportant aux messages, telles que le contenu, leur provenance ou leur destination, s\u2019il est raisonnablement en mesure de croire que tout ou partie de ces communications ont trait \u00e0 des activit\u00e9s ill\u00e9gales ou illicites, ou s\u2019il en a re\u00e7u l\u2019ordre des autorit\u00e9s comp\u00e9tentes. Sauf si le contr\u00f4le est effectu\u00e9 \u00e0 la requ\u00eate des autorit\u00e9s comp\u00e9tentes, le contr\u00f4le de Nowina Solutions ne pourra porter que sur les messages \u00e0 caract\u00e8re public ou non-confidentiel, c\u2019est-\u00e0-dire les informations se trouvant sur une page web, les messages que l\u2019on trouve dans les forums de discussion ou les mailings informatiques, sans que cette liste ne soit limitative.<\/p>\n\n\n\n<p class=\"is-style-p\">Tout utilisateur dispose d\u2019un droit d\u2019acc\u00e8s, de rectification et d\u2019opposition aux donn\u00e9es personnelles le concernant, en effectuant sa demande \u00e9crite et sign\u00e9e, accompagn\u00e9e d\u2019une preuve d\u2019identit\u00e9.\u00a0<\/p>\n\n\n\n<p class=\"is-style-p\">Le site ne recueille pas d\u2019informations personnelles, et n\u2019est pas assujetti \u00e0 d\u00e9claration \u00e0 la CNIL.\u00a0<\/p>\n\n\n\n<h3 class=\"is-style-h3 wp-block-heading\">COOKIES <\/h3>\n\n\n\n<p class=\"is-style-p\">Ce site Internet utilise Google Analytics, des services fournis par Google Inc. (\u00abGoogle\u00bb). Google utilise des cookies qui sont des fichiers texte plac\u00e9s sur votre ordinateur, pour aider le site Internet \u00e0 analyser l\u2019utilisation du site par ses utilisateurs. Les donn\u00e9es g\u00e9n\u00e9r\u00e9es par les cookies concernant votre utilisation du site (y compris votre adresse IP) seront transmises et stock\u00e9es par Google sur des serveurs situ\u00e9s aux Etats-Unis. <\/p>\n\n\n\n<p class=\"is-style-p\">Google utilisera cette information dans le but d\u2019\u00e9valuer votre utilisation du site, de compiler des rapports sur l\u2019activit\u00e9 du site \u00e0 destination de son \u00e9diteur et de fournir d\u2019autres services relatifs \u00e0 l\u2019activit\u00e9 du site et \u00e0 l\u2019utilisation d\u2019Internet. Google est susceptible de communiquer ces donn\u00e9es \u00e0 des tiers en cas d\u2019obligation l\u00e9gale ou lorsque ces tiers traitent ces donn\u00e9es pour le compte de Google, y compris notamment l\u2019\u00e9diteur de ce site. <\/p>\n\n\n\n<p class=\"is-style-p\">Les fournisseurs tiers, y compris Google, mettent des annonces sur les sites Internet. Les fournisseurs tiers, y compris Google, utilisent des cookies enregistr\u00e9s pour la mise en ligne d\u2019annonces en se basant sur les pages visit\u00e9es pr\u00e9c\u00e9demment par les utilisateurs de ce site. Google ne recoupera pas votre adresse IP avec toute autre donn\u00e9e d\u00e9tenue par Google.<\/p>\n","protected":false},"excerpt":{"rendered":"<p>IDENTIT\u00c9 Nom du site web : Nowina SolutionsAdresse : Energy Business Center, 15 Zone Industrielle, L-8287 Kehlen, LuxembourgT\u00e9l\u00e9phone : +352 [&hellip;]<\/p>\n","protected":false},"author":3,"featured_media":1611,"parent":0,"menu_order":0,"comment_status":"closed","ping_status":"closed","template":"wysiwyg.php","meta":{"content-type":"","footnotes":""},"class_list":["post-459","page","type-page","status-publish","has-post-thumbnail","hentry"],"acf":[],"yoast_head":"<!-- This site is optimized with the Yoast SEO plugin v27.4 - https:\/\/yoast.com\/product\/yoast-seo-wordpress\/ -->\n<title>Mentions l\u00e9gales | Nowina Solutions<\/title>\n<meta name=\"description\" content=\"L&#039;utilisation du site de Nowina Solutions implique l&#039;acceptation des conditions g\u00e9n\u00e9rales d&#039;utilisation d\u00e9crites dans les mentions l\u00e9gales.\" \/>\n<meta name=\"robots\" content=\"index, follow, max-snippet:-1, max-image-preview:large, max-video-preview:-1\" \/>\n<link rel=\"canonical\" href=\"https:\/\/nowina.lu\/fr\/mentions-legales-nowina\/\" \/>\n<meta property=\"og:locale\" content=\"fr_FR\" \/>\n<meta property=\"og:type\" content=\"article\" \/>\n<meta property=\"og:title\" content=\"Mentions l\u00e9gales | Nowina Solutions\" \/>\n<meta property=\"og:description\" content=\"L&#039;utilisation du site de Nowina Solutions implique l&#039;acceptation des conditions g\u00e9n\u00e9rales d&#039;utilisation d\u00e9crites dans les mentions l\u00e9gales.\" \/>\n<meta property=\"og:url\" content=\"https:\/\/nowina.lu\/fr\/mentions-legales-nowina\/\" \/>\n<meta property=\"og:site_name\" content=\"Nowina\" \/>\n<meta property=\"article:publisher\" content=\"https:\/\/www.facebook.com\/nowinasolutions\/\" \/>\n<meta property=\"article:modified_time\" content=\"2022-01-12T11:11:06+00:00\" \/>\n<meta property=\"og:image\" content=\"https:\/\/nowina.lu\/wp-content\/uploads\/2022\/01\/Nowina_LegalInformation.jpg\" \/>\n\t<meta property=\"og:image:width\" content=\"1000\" \/>\n\t<meta property=\"og:image:height\" content=\"667\" \/>\n\t<meta property=\"og:image:type\" content=\"image\/jpeg\" \/>\n<meta name=\"twitter:card\" content=\"summary_large_image\" \/>\n<meta name=\"twitter:title\" content=\"Mentions l\u00e9gales | Nowina Solutions\" \/>\n<meta name=\"twitter:description\" content=\"L&#039;utilisation du site de Nowina Solutions implique l&#039;acceptation des conditions g\u00e9n\u00e9rales d&#039;utilisation d\u00e9crites dans les mentions l\u00e9gales.\" \/>\n<meta name=\"twitter:image\" content=\"https:\/\/nowina.lu\/wp-content\/uploads\/2022\/01\/Nowina_LegalInformation.jpg\" \/>\n<meta name=\"twitter:site\" content=\"@NowinaSolutions\" \/>\n<meta name=\"twitter:label1\" content=\"Dur\u00e9e de lecture estim\u00e9e\" \/>\n\t<meta name=\"twitter:data1\" content=\"5 minutes\" \/>\n<script type=\"application\/ld+json\" class=\"yoast-schema-graph\">{\"@context\":\"https:\\\/\\\/schema.org\",\"@graph\":[{\"@type\":\"WebPage\",\"@id\":\"https:\\\/\\\/nowina.lu\\\/fr\\\/mentions-legales-nowina\\\/\",\"url\":\"https:\\\/\\\/nowina.lu\\\/fr\\\/mentions-legales-nowina\\\/\",\"name\":\"Mentions l\u00e9gales | Nowina Solutions\",\"isPartOf\":{\"@id\":\"https:\\\/\\\/nowina.lu\\\/fr\\\/#website\"},\"primaryImageOfPage\":{\"@id\":\"https:\\\/\\\/nowina.lu\\\/fr\\\/mentions-legales-nowina\\\/#primaryimage\"},\"image\":{\"@id\":\"https:\\\/\\\/nowina.lu\\\/fr\\\/mentions-legales-nowina\\\/#primaryimage\"},\"thumbnailUrl\":\"https:\\\/\\\/nowina.lu\\\/wp-content\\\/uploads\\\/2021\\\/12\\\/Nowina_LegalInformation-e1640182302140.jpg\",\"datePublished\":\"2021-11-22T20:08:02+00:00\",\"dateModified\":\"2022-01-12T11:11:06+00:00\",\"description\":\"L'utilisation du site de Nowina Solutions implique l'acceptation des conditions g\u00e9n\u00e9rales d'utilisation d\u00e9crites dans les mentions l\u00e9gales.\",\"breadcrumb\":{\"@id\":\"https:\\\/\\\/nowina.lu\\\/fr\\\/mentions-legales-nowina\\\/#breadcrumb\"},\"inLanguage\":\"fr-FR\",\"potentialAction\":[{\"@type\":\"ReadAction\",\"target\":[\"https:\\\/\\\/nowina.lu\\\/fr\\\/mentions-legales-nowina\\\/\"]}]},{\"@type\":\"ImageObject\",\"inLanguage\":\"fr-FR\",\"@id\":\"https:\\\/\\\/nowina.lu\\\/fr\\\/mentions-legales-nowina\\\/#primaryimage\",\"url\":\"https:\\\/\\\/nowina.lu\\\/wp-content\\\/uploads\\\/2021\\\/12\\\/Nowina_LegalInformation-e1640182302140.jpg\",\"contentUrl\":\"https:\\\/\\\/nowina.lu\\\/wp-content\\\/uploads\\\/2021\\\/12\\\/Nowina_LegalInformation-e1640182302140.jpg\",\"width\":1000,\"height\":340,\"caption\":\"Legal Information, Use of data\"},{\"@type\":\"BreadcrumbList\",\"@id\":\"https:\\\/\\\/nowina.lu\\\/fr\\\/mentions-legales-nowina\\\/#breadcrumb\",\"itemListElement\":[{\"@type\":\"ListItem\",\"position\":1,\"name\":\"Home\",\"item\":\"https:\\\/\\\/nowina.lu\\\/fr\\\/\"},{\"@type\":\"ListItem\",\"position\":2,\"name\":\"Mentions l\u00e9gales\"}]},{\"@type\":\"WebSite\",\"@id\":\"https:\\\/\\\/nowina.lu\\\/fr\\\/#website\",\"url\":\"https:\\\/\\\/nowina.lu\\\/fr\\\/\",\"name\":\"nowina\",\"description\":\"Reap the benefits of electronic signature\",\"publisher\":{\"@id\":\"https:\\\/\\\/nowina.lu\\\/fr\\\/#organization\"},\"potentialAction\":[{\"@type\":\"SearchAction\",\"target\":{\"@type\":\"EntryPoint\",\"urlTemplate\":\"https:\\\/\\\/nowina.lu\\\/fr\\\/?s={search_term_string}\"},\"query-input\":{\"@type\":\"PropertyValueSpecification\",\"valueRequired\":true,\"valueName\":\"search_term_string\"}}],\"inLanguage\":\"fr-FR\"},{\"@type\":\"Organization\",\"@id\":\"https:\\\/\\\/nowina.lu\\\/fr\\\/#organization\",\"name\":\"Nowina Solutions\",\"url\":\"https:\\\/\\\/nowina.lu\\\/fr\\\/\",\"logo\":{\"@type\":\"ImageObject\",\"inLanguage\":\"fr-FR\",\"@id\":\"https:\\\/\\\/nowina.lu\\\/fr\\\/#\\\/schema\\\/logo\\\/image\\\/\",\"url\":\"https:\\\/\\\/nowina.lu\\\/\\\/wp-content\\\/uploads\\\/2021\\\/11\\\/logo-primary.png\",\"contentUrl\":\"https:\\\/\\\/nowina.lu\\\/\\\/wp-content\\\/uploads\\\/2021\\\/11\\\/logo-primary.png\",\"width\":501,\"height\":101,\"caption\":\"Nowina Solutions\"},\"image\":{\"@id\":\"https:\\\/\\\/nowina.lu\\\/fr\\\/#\\\/schema\\\/logo\\\/image\\\/\"},\"sameAs\":[\"https:\\\/\\\/www.facebook.com\\\/nowinasolutions\\\/\",\"https:\\\/\\\/x.com\\\/NowinaSolutions\",\"https:\\\/\\\/www.linkedin.com\\\/company\\\/nowina-solutions\\\/\"]}]}<\/script>\n<!-- \/ Yoast SEO plugin. -->","yoast_head_json":{"title":"Mentions l\u00e9gales | Nowina Solutions","description":"L'utilisation du site de Nowina Solutions implique l'acceptation des conditions g\u00e9n\u00e9rales d'utilisation d\u00e9crites dans les mentions l\u00e9gales.","robots":{"index":"index","follow":"follow","max-snippet":"max-snippet:-1","max-image-preview":"max-image-preview:large","max-video-preview":"max-video-preview:-1"},"canonical":"https:\/\/nowina.lu\/fr\/mentions-legales-nowina\/","og_locale":"fr_FR","og_type":"article","og_title":"Mentions l\u00e9gales | Nowina Solutions","og_description":"L'utilisation du site de Nowina Solutions implique l'acceptation des conditions g\u00e9n\u00e9rales d'utilisation d\u00e9crites dans les mentions l\u00e9gales.","og_url":"https:\/\/nowina.lu\/fr\/mentions-legales-nowina\/","og_site_name":"Nowina","article_publisher":"https:\/\/www.facebook.com\/nowinasolutions\/","article_modified_time":"2022-01-12T11:11:06+00:00","og_image":[{"width":1000,"height":667,"url":"https:\/\/nowina.lu\/wp-content\/uploads\/2022\/01\/Nowina_LegalInformation.jpg","type":"image\/jpeg"}],"twitter_card":"summary_large_image","twitter_title":"Mentions l\u00e9gales | Nowina Solutions","twitter_description":"L'utilisation du site de Nowina Solutions implique l'acceptation des conditions g\u00e9n\u00e9rales d'utilisation d\u00e9crites dans les mentions l\u00e9gales.","twitter_image":"https:\/\/nowina.lu\/wp-content\/uploads\/2022\/01\/Nowina_LegalInformation.jpg","twitter_site":"@NowinaSolutions","twitter_misc":{"Dur\u00e9e de lecture estim\u00e9e":"5 minutes"},"schema":{"@context":"https:\/\/schema.org","@graph":[{"@type":"WebPage","@id":"https:\/\/nowina.lu\/fr\/mentions-legales-nowina\/","url":"https:\/\/nowina.lu\/fr\/mentions-legales-nowina\/","name":"Mentions l\u00e9gales | Nowina Solutions","isPartOf":{"@id":"https:\/\/nowina.lu\/fr\/#website"},"primaryImageOfPage":{"@id":"https:\/\/nowina.lu\/fr\/mentions-legales-nowina\/#primaryimage"},"image":{"@id":"https:\/\/nowina.lu\/fr\/mentions-legales-nowina\/#primaryimage"},"thumbnailUrl":"https:\/\/nowina.lu\/wp-content\/uploads\/2021\/12\/Nowina_LegalInformation-e1640182302140.jpg","datePublished":"2021-11-22T20:08:02+00:00","dateModified":"2022-01-12T11:11:06+00:00","description":"L'utilisation du site de Nowina Solutions implique l'acceptation des conditions g\u00e9n\u00e9rales d'utilisation d\u00e9crites dans les mentions l\u00e9gales.","breadcrumb":{"@id":"https:\/\/nowina.lu\/fr\/mentions-legales-nowina\/#breadcrumb"},"inLanguage":"fr-FR","potentialAction":[{"@type":"ReadAction","target":["https:\/\/nowina.lu\/fr\/mentions-legales-nowina\/"]}]},{"@type":"ImageObject","inLanguage":"fr-FR","@id":"https:\/\/nowina.lu\/fr\/mentions-legales-nowina\/#primaryimage","url":"https:\/\/nowina.lu\/wp-content\/uploads\/2021\/12\/Nowina_LegalInformation-e1640182302140.jpg","contentUrl":"https:\/\/nowina.lu\/wp-content\/uploads\/2021\/12\/Nowina_LegalInformation-e1640182302140.jpg","width":1000,"height":340,"caption":"Legal Information, Use of data"},{"@type":"BreadcrumbList","@id":"https:\/\/nowina.lu\/fr\/mentions-legales-nowina\/#breadcrumb","itemListElement":[{"@type":"ListItem","position":1,"name":"Home","item":"https:\/\/nowina.lu\/fr\/"},{"@type":"ListItem","position":2,"name":"Mentions l\u00e9gales"}]},{"@type":"WebSite","@id":"https:\/\/nowina.lu\/fr\/#website","url":"https:\/\/nowina.lu\/fr\/","name":"nowina","description":"Reap the benefits of electronic signature","publisher":{"@id":"https:\/\/nowina.lu\/fr\/#organization"},"potentialAction":[{"@type":"SearchAction","target":{"@type":"EntryPoint","urlTemplate":"https:\/\/nowina.lu\/fr\/?s={search_term_string}"},"query-input":{"@type":"PropertyValueSpecification","valueRequired":true,"valueName":"search_term_string"}}],"inLanguage":"fr-FR"},{"@type":"Organization","@id":"https:\/\/nowina.lu\/fr\/#organization","name":"Nowina Solutions","url":"https:\/\/nowina.lu\/fr\/","logo":{"@type":"ImageObject","inLanguage":"fr-FR","@id":"https:\/\/nowina.lu\/fr\/#\/schema\/logo\/image\/","url":"https:\/\/nowina.lu\/\/wp-content\/uploads\/2021\/11\/logo-primary.png","contentUrl":"https:\/\/nowina.lu\/\/wp-content\/uploads\/2021\/11\/logo-primary.png","width":501,"height":101,"caption":"Nowina Solutions"},"image":{"@id":"https:\/\/nowina.lu\/fr\/#\/schema\/logo\/image\/"},"sameAs":["https:\/\/www.facebook.com\/nowinasolutions\/","https:\/\/x.com\/NowinaSolutions","https:\/\/www.linkedin.com\/company\/nowina-solutions\/"]}]}},"_links":{"self":[{"href":"https:\/\/nowina.lu\/fr\/wp-json\/wp\/v2\/pages\/459","targetHints":{"allow":["GET"]}}],"collection":[{"href":"https:\/\/nowina.lu\/fr\/wp-json\/wp\/v2\/pages"}],"about":[{"href":"https:\/\/nowina.lu\/fr\/wp-json\/wp\/v2\/types\/page"}],"author":[{"embeddable":true,"href":"https:\/\/nowina.lu\/fr\/wp-json\/wp\/v2\/users\/3"}],"replies":[{"embeddable":true,"href":"https:\/\/nowina.lu\/fr\/wp-json\/wp\/v2\/comments?post=459"}],"version-history":[{"count":15,"href":"https:\/\/nowina.lu\/fr\/wp-json\/wp\/v2\/pages\/459\/revisions"}],"predecessor-version":[{"id":1831,"href":"https:\/\/nowina.lu\/fr\/wp-json\/wp\/v2\/pages\/459\/revisions\/1831"}],"wp:featuredmedia":[{"embeddable":true,"href":"https:\/\/nowina.lu\/fr\/wp-json\/wp\/v2\/media\/1611"}],"wp:attachment":[{"href":"https:\/\/nowina.lu\/fr\/wp-json\/wp\/v2\/media?parent=459"}],"curies":[{"name":"wp","href":"https:\/\/api.w.org\/{rel}","templated":true}]}}