{"id":423,"date":"2021-10-19T22:03:30","date_gmt":"2021-10-19T22:03:30","guid":{"rendered":"https:\/\/nowina.lu\/\/company\/"},"modified":"2023-06-07T12:29:04","modified_gmt":"2023-06-07T12:29:04","slug":"entreprise-signature-electronique","status":"publish","type":"page","link":"https:\/\/nowina.lu\/fr\/entreprise-signature-electronique\/","title":{"rendered":"L&rsquo;entreprise"},"content":{"rendered":"\n<p class=\"nwa-container mt--88 mb--88 nwa-paragraph-1\">Fond\u00e9e en 2014, Nowina Solutions est une entreprise innovante qui transforme et am\u00e9liore les processus m\u00e9tiers courants pour atteindre une efficacit\u00e9 maximale.<br><br>Nous garantissons l&rsquo;excellence des processus num\u00e9riques en nous appuyant \u00e0 la fois sur une expertise unique en mati\u00e8re de solutions interop\u00e9rables de signature \u00e9lectronique et de d\u00e9mat\u00e9rialisation, et sur une connaissance approfondie des services financiers, du secteur public et des soins de sant\u00e9.<\/p>\n\n\n\n\t\t\t<section class=\"nwa-section nwa-section--masked nwa-section--grey-100 nwa-section-previous--white\" id=\"about-us\">\n\t\t\t\t<div class=\"nwa-section__mask  nwa-section__mask--reversed\">\n\t\t\t\t\t<span><\/span>\n\t\t\t\t\t<span class=\"bg--primary-500\"><\/span>\n\t\t\t\t<\/div>\n\n\t\t\t\t<div class=\"nwa-section__container\">\n\t\t\t\t\t<div class=\"nwa-container\">\n\t\t\t\t\t\t<div class=\"nwa-grid\">\n\t\t\t\t\t\t\t<div class=\"nwa-grid__col--12 nwa-grid__col--sm--6\">\n\t\t\t\t\t\t\t\t <h3 class=\"nwa-heading-3 color--black mb--32 mb--xs--56\">En tant qu&rsquo;expert reconnu de l&rsquo;Union europ\u00e9enne en mati\u00e8re d&rsquo;eSignature, Nowina Solutions :<\/h3>\t\t\t\t\t\t\t\t<div class=\"nwa-wysiwyg\"><ul>\n<li>Fournit des solutions de d\u00e9mat\u00e9rialisation, de<strong> signature \u00e9lectronique<\/strong> et d&rsquo;authentification forte ;<\/li>\n<li>Fournit un support technique sur l&rsquo;impl\u00e9mentation du <strong>DSS<\/strong> (Digital Signature Service) open-source de r\u00e9f\u00e9rence pour la cr\u00e9ation et la validation de signatures <strong>transfrontali\u00e8res<\/strong> ;<\/li>\n<li>Fournit des <strong>conseils<\/strong>, des <strong>formations<\/strong> et une <strong>assistance<\/strong> sur des sujets li\u00e9s \u00e0 la signature \u00e9lectronique tels que la nouvelle r\u00e9glementation eIDAS ou l&rsquo;interop\u00e9rabilit\u00e9 ;<\/li>\n<li>R\u00e9alise des <strong>audits<\/strong> eIDAS et ISO27001 ;<\/li>\n<li>Aide les entreprises \u00e0 r\u00e9fl\u00e9chir \u00e0 la meilleure fa\u00e7on de tirer parti des <strong>possibilit\u00e9s de d\u00e9mat\u00e9rialisation<\/strong> li\u00e9es \u00e0 eIDAS.<\/li>\n<\/ul>\n<\/div>\n\t\t\t\t\t\t\t<\/div>\n\t\t\t\t\t\t\t<div class=\"nwa-grid__col--12 nwa-grid__col--xs--6 show--sm\">\n\t\t\t\t\t\t\t\t\t\t\t\t\t\t\t\t<img decoding=\"async\" src=\"https:\/\/nowina.lu\/wp-content\/uploads\/2021\/11\/eSignatureexpertunionEuropean.jpg\" alt=\"eSignature,expert,unionEuropean\" \/>\n\t\t\t\t\t\t\t\t\t\t\t\t\t\t<\/div>\n\t\t\t\t\t\t<\/div>\n\t\t\t\t\t<\/div>\n\t\t\t\t<\/div>\n\t\t\t<\/section>\n\t\t\n\n\n\n\n\n<section class=\"nwa-section nwa-section--masked nwa-section--white nwa-section-previous--grey-100\" id=\"valeurs\">\n\t<div class=\"nwa-section__mask nwa-section__mask--reversed\">\n\t\t<span class=\"bg--tertiary-400\"><\/span>\n\t\t<span class=\"bg--primary-400\"><\/span>\n\t<\/div>\n\n\t<div class=\"nwa-section__container\">\n\t\t<div class=\"nwa-container\">\n\t\t\t<h5 class=\"nwa-heading-5 color--primary-500 mb--16 text--uppercase font-weight--700\">Nos valeurs<\/h5>\n\t\t\t<h5 class=\"nwa-heading-5 color--black mb--48 mb--xs--72\">Nous pensons que la cr\u00e9ation d&rsquo;une valeur sup\u00e9rieure pour nos clients d\u00e9coule de valeurs fondamentales fortes. Nos valeurs guident nos actions au quotidien. Elles influencent la mani\u00e8re dont nous travaillons et interagissons avec nos clients et nous aident \u00e0 acc\u00e9l\u00e9rer la r\u00e9ussite de nos clients.<\/h5>\n\n\n\t\t\t\t\n\t\t\t\t\t\t<div class=\"nwa-row-image-text\">\n\t\t\t\t\t\t\t\t\t\t\t\t\t\t\t\t<div class=\"nwa-row-image-text__left\">\n\t\t\t\t\t\t\t\t\t\t<img decoding=\"async\" src=\"https:\/\/nowina.lu\/wp-content\/uploads\/2021\/12\/Nowina_passion-for-innovation-T.jpg\" alt=\"innovation_passion_digital\" \/>\n\t\t\t\t\t\t\t\t\t<\/div>\n\t\t\t\t\t\t\t\t\t\t\t\t\t\t<div class=\"nwa-row-image-text__right\">\n\t\t\t\t\t\t\t\t<h4 class=\"nwa-heading-4 color--black mb--24 font-weight--600\">Passion pour l&rsquo;innovation<\/h4>\n\t\t\t\t\t\t\t\t<div class=\"nwa-wysiwyg\"><p>Au c\u0153ur de notre ADN, notre passion pour l&rsquo;innovation nous a propuls\u00e9s \u00e0 l&rsquo;avant-garde de la technologie des signatures \u00e9lectroniques.<\/p>\n<p>Cette passion nous permet d&rsquo;adopter une approche nouvelle et imaginative dans tout ce que nous faisons et de toujours trouver la r\u00e9ponse la plus ad\u00e9quate \u00e0 chaque situation.<\/p>\n<p>Nous nous engageons \u00e0 \u00e9largir et \u00e0 approfondir nos connaissances chaque jour.<\/p>\n<\/div>\n\t\t\t\t\t\t\t<\/div>\n\t\t\t\t\t\t<\/div>\n\t\t\t\t\t\t\n\t\t\t\t\t\t<div class=\"nwa-row-image-text\">\n\t\t\t\t\t\t\t\t\t\t\t\t\t\t\t\t<div class=\"nwa-row-image-text__left\">\n\t\t\t\t\t\t\t\t\t\t<img decoding=\"async\" src=\"https:\/\/nowina.lu\/wp-content\/uploads\/2021\/12\/Nowina_CompanyExpertise-e1638956776571.jpg\" alt=\"Data,Mining,Expert-company,expertise \" \/>\n\t\t\t\t\t\t\t\t\t<\/div>\n\t\t\t\t\t\t\t\t\t\t\t\t\t\t<div class=\"nwa-row-image-text__right\">\n\t\t\t\t\t\t\t\t<h4 class=\"nwa-heading-4 color--black mb--24 font-weight--600\">Expertise<\/h4>\n\t\t\t\t\t\t\t\t<div class=\"nwa-wysiwyg\"><p>Notre savoir-faire repose \u00e0 la fois sur une vision technologique unique et sur une connaissance approfondie des diff\u00e9rentes industries.<\/p>\n<p>Cette double expertise nous permet de d\u00e9velopper des solutions pragmatiques de pointe et de cr\u00e9er de la valeur pour nos clients afin d&rsquo;assurer leur succ\u00e8s.<\/p>\n<\/div>\n\t\t\t\t\t\t\t<\/div>\n\t\t\t\t\t\t<\/div>\n\t\t\t\t\t\t\n\t\t\t\t\t\t<div class=\"nwa-row-image-text\">\n\t\t\t\t\t\t\t\t\t\t\t\t\t\t\t\t<div class=\"nwa-row-image-text__left\">\n\t\t\t\t\t\t\t\t\t\t<img decoding=\"async\" src=\"https:\/\/nowina.lu\/wp-content\/uploads\/2021\/12\/Nowina_Integrity-Proximity-T.jpg\" alt=\"young and diverse ethnic group-integrity,proximity\" \/>\n\t\t\t\t\t\t\t\t\t<\/div>\n\t\t\t\t\t\t\t\t\t\t\t\t\t\t<div class=\"nwa-row-image-text__right\">\n\t\t\t\t\t\t\t\t<h4 class=\"nwa-heading-4 color--black mb--24 font-weight--600\">Int\u00e9grit\u00e9 <\/h4>\n\t\t\t\t\t\t\t\t<div class=\"nwa-wysiwyg\"><p>Il s&rsquo;agit de la fiabilit\u00e9, car la confiance est le fondement de toute relation.<\/p>\n<p>Afin de r\u00e9pondre au mieux \u00e0 vos besoins et de les d\u00e9passer, nous construisons et entretenons des relations \u00e9troites et durables.<\/p>\n<p>Nous sommes \u00e0 l&rsquo;\u00e9coute de vos besoins, anticipons vos attentes et faisons preuve d&rsquo;une r\u00e9activit\u00e9 et d&rsquo;une fiabilit\u00e9 exceptionnelles.<\/p>\n<p>En tant qu&rsquo;entreprise citoyenne et responsable, Nowina Solutions est fi\u00e8re d&rsquo;afficher l&rsquo;origine de son savoir-faire \u00e0 travers le label <strong>\u00ab\u00a0Made in Luxembourg\u00a0\u00bb<\/strong>.<\/p>\n<\/div>\n\t\t\t\t\t\t\t<\/div>\n\t\t\t\t\t\t<\/div>\n\t\t\t\t\t\t\n\t\t\t\t\t\t<div class=\"nwa-row-image-text\">\n\t\t\t\t\t\t\t\t\t\t\t\t\t\t\t\t<div class=\"nwa-row-image-text__left\">\n\t\t\t\t\t\t\t\t\t\t<img decoding=\"async\" src=\"https:\/\/nowina.lu\/wp-content\/uploads\/2021\/12\/Nowina-ActeurResponsable-eSignature-e1639402464109.jpg\" alt=\"eSignature-paperless-responsible,actor\" \/>\n\t\t\t\t\t\t\t\t\t<\/div>\n\t\t\t\t\t\t\t\t\t\t\t\t\t\t<div class=\"nwa-row-image-text__right\">\n\t\t\t\t\t\t\t\t<h4 class=\"nwa-heading-4 color--black mb--24 font-weight--600\">Acteur responsable<\/h4>\n\t\t\t\t\t\t\t\t<div class=\"nwa-wysiwyg\"><p>En tant que leader d&rsquo;opinion, nous estimons qu&rsquo;il est de notre devoir d&rsquo;\u00eatre un acteur \u00e9conomique responsable.<\/p>\n<ul>\n<li><strong>Socialement responsables<\/strong>, nous encourageons l&rsquo;am\u00e9lioration et l&rsquo;apprentissage continu. Un talent de Nowina re\u00e7oit une formation continue, lui permettant de s&rsquo;\u00e9panouir et de d\u00e9velopper son employabilit\u00e9 personnelle.<\/li>\n<li><strong>Environnementalement responsables<\/strong>, nous d\u00e9veloppons des solutions pour des processus sans papier. En faisant partie d&rsquo;une entreprise sans papier, un talent de Nowina consomme 2,6 kg de papier par an, bien moins que les 75 kg que consomme en moyenne un employ\u00e9 sur une base annuelle.<\/li>\n<\/ul>\n<p>Notre engagement soci\u00e9tal a \u00e9t\u00e9 r\u00e9compens\u00e9 par le label Entreprise Socialement Responsable en 2015, d\u00e9cern\u00e9 par l&rsquo;Institut pour le D\u00e9veloppement Durable et la Responsabilit\u00e9 Sociale des Entreprises au Luxembourg (INDR).<\/p>\n<\/div>\n\t\t\t\t\t\t\t<\/div>\n\t\t\t\t\t\t<\/div>\n\t\t\t\t\t\t\n\t\t<\/div>\n\t<\/div>\n<\/section>\n\n\n\n<section class=\"nwa-section nwa-section--masked nwa-section--white nwa-section-previous--white\"  id=\"\">\n\t<div class=\"nwa-section__mask nwa-section__mask--reversed\">\n\t\t<span class=\"bg--tertiary-400\"><\/span>\n\n\n\t\t\t\t\t\t<div class=\"nwa-banner__background-wrapper nwa-banner__background-wrapper--story\">\n\t\t\t\t\t<div class=\"nwa-banner__background\" style=\"background-image:url('https:\/\/nowina.lu\/wp-content\/uploads\/2021\/12\/only-dragon.png')\"><\/div>\n\t\t\t\t<\/div>\n\t\t\n\n\t<\/div>\n\n\t<div class=\"nwa-section__container\">\n\t\t<div class=\"nwa-container\">\n\t\t\t<div class=\"nwa-grid\">\n\t\t\t\t<div class=\"nwa-grid__col nwa-grid__col--12 nwa-grid__col--sm--8 nwa-grid__col--md--6\">\n\t\t\t\t\t<h5 class=\"nwa-heading-5 color--primary-500 mb--16 text--uppercase font-weight--700\">NOTRE HISTOIRE<\/h5>\n\t\t\t\t\t<h3 class=\"nwa-heading-3 color--black mb--32 mb--xs--56\">L&rsquo;histoire derri\u00e8re le dragon.<\/h3>\n\t\t\t\t\t<div class=\"nwa-wysiwyg mb--32 mb--xs--56\"><p><strong><em>Le saviez-vous\u202f?\u00a0\u00a0<\/em><\/strong><\/p>\n<p>En programmation informatique, l&rsquo;expression \u00ab\u202f<em><strong>Hic Sunt Dracones\u202f<\/strong><\/em>\u00bb (en Latin, litt\u00e9ralement, \u00ab\u00a0Ici sont dragons\u00a0\u00bb) est utilis\u00e9e par certains programmeurs pour indiquer des passages particuli\u00e8rement complexes et obscurs du code source d&rsquo;un programme afin que d&rsquo;autres programmeurs qui y acc\u00e9deraient soient avertis.<\/p>\n<p><span style=\"color: #000000;\">La complexit\u00e9 peut \u00eatre due<\/span>\u00a0\u00e0 l&rsquo;essence m\u00eame du probl\u00e8me abord\u00e9, ou parce que le code n&rsquo;a pas \u00e9t\u00e9 \u00e9crit de mani\u00e8re suffisamment claire.\u00a0La m\u00e9taphore d&rsquo;un explorateur qui,\u00a0pass\u00e9 cette limite, doit faire preuve de prudence et de comp\u00e9tence avant de continuer, correspond bien \u00e0 la r\u00e9alit\u00e9, car certains programmeurs pr\u00e9f\u00e9reront \u00e9viter ce code, alors que les plus intr\u00e9pides, ou ceux \u00e0 la recherche de\u00a0challenge, pr\u00e9f\u00e9reront explorer et\u00a0clarifier ces zones\u00a0pour les autres.<\/p>\n<p>Chez Nowina, nous sommes ces explorateurs de l\u2019innovation. Au c\u0153ur m\u00eame de l\u2019Europe, nous sommes pr\u00eats \u00e0 d\u00e9couvrir et \u00e0 toujours apprendre pour offrir les meilleures solutions. Aliment\u00e9s par l\u2019\u00e9nergie de notre passion, et guid\u00e9s par notre expertise technologique et notre connaissance m\u00e9tier, nous mobilisons notre savoir-faire pour explorer le potentiel de la d\u00e9mat\u00e9rialisation et de la signature \u00e9lectronique au b\u00e9n\u00e9fice des m\u00e9tiers de nos clients.<\/p>\n<\/div>\n\n\t\t\t\t\t\t\t\t\t\t\t\t<img decoding=\"async\" src=\"https:\/\/nowina.lu\/wp-content\/uploads\/2022\/01\/nowina-dragon.jpg\" alt=\"Nowina-dragon story\" \/>\n\t\t\t\t\t\t\t\t\t<\/div>\n\t\t\t<\/div>\n\t\t<\/div>\n\t<\/div>\n<\/section>\n\n\n\n<p id=\"careers\"><\/p>\n\n\n\n<section class=\"nwa-section nwa-section--masked nwa-section--grey-100 nwa-section-previous--white\">\n\t<div class=\"nwa-section__mask\">\n\t\t<span class=\"bg--tertiary-400\"><\/span>\n\t<\/div>\n\n\t<div class=\"nwa-section__container\">\n\t\t<div class=\"nwa-container\">\n\t\t\t<h5 class=\"nwa-heading-5 color--primary-500 mb--16 text--uppercase font-weight--700 \">Jobs<\/h5>\n\t\t\t<h3 class=\"nwa-heading-3 color--black mb--48 mb--xs--72\">Vous voulez \u00eatre \u00e0 la pointe du progr\u00e8s et fa\u00e7onner l&rsquo;avenir ?<\/h3>\n\t\t\t<div class=\"nwa-wysiwyg\"><p>Nowina vous offre un environnement d&rsquo;apprentissage dynamique dans lequel vous pourrez d\u00e9velopper une expertise unique en mati\u00e8re de signature \u00e9lectronique et faire partie d&rsquo;une \u00e9quipe d&rsquo;experts d\u00e9veloppant la r\u00e9f\u00e9rence europ\u00e9enne en mati\u00e8re de signature \u00e9lectronique. <\/p>\n<p>Tout cela au sein d&rsquo;une \u00e9quipe inspirante et d&rsquo;une culture de travail collaborative et amusante ! Chez Nowina, nous sommes fiers de transmettre des connaissances et nous offrons des formations appropri\u00e9es et nombreuses pour vous aider \u00e0 grandir&#8230; et \u00e0 nous faire grandir !<\/p>\n<\/div>\n\t\t\t<div class=\"nwa-grid\">\n\t\t\t\t\t\t\t<\/div>\n\t\t<\/div>\n\t<\/div>\n<\/section>\n\n\n<section class=\"nwa-section nwa-section--masked nwa-section--primary-500 nwa-section-previous--grey-100\">\n\t<div class=\"nwa-section__mask nwa-section__mask--reversed\">\n\t\t<span class=\"bg--tertiary-400\"><\/span>\n\t\t<span class=\"bg--primary-400\"><\/span>\n\t<\/div>\n\n\t<div class=\"nwa-section__container\">\n\t\t<div class=\"nwa-container\">\n\t\t\t<h3 class=\"nwa-heading-3 color--white mb--16 text-align--center font-weight--600 mb--32 mb--xs--72\">Vous \u00eates pr\u00eat \u00e0 d\u00e9velopper plus qu&rsquo;une carri\u00e8re avec nous ? N&rsquo;h\u00e9sitez pas \u00e0 nous contacter.<\/h3>\n\t\t\t\t\t\t\t\t<div class=\"text-align--center\"><a href=\"mailto:jobs@nowina.lu\" class=\"nwa-button nwa-button--white\">Envoyez-nous votre CV<\/a><\/div>\n\t\t\t\t\t\t<\/div>\n\t<\/div>\n<\/section>\n","protected":false},"excerpt":{"rendered":"<p>Fond\u00e9e en 2014, Nowina Solutions est une entreprise innovante qui transforme et am\u00e9liore les processus m\u00e9tiers courants pour atteindre une [&hellip;]<\/p>\n","protected":false},"author":3,"featured_media":1058,"parent":0,"menu_order":0,"comment_status":"closed","ping_status":"closed","template":"company.php","meta":{"content-type":"","footnotes":""},"class_list":["post-423","page","type-page","status-publish","has-post-thumbnail","hentry"],"acf":[],"yoast_head":"<!-- This site is optimized with the Yoast SEO plugin v27.4 - https:\/\/yoast.com\/product\/yoast-seo-wordpress\/ -->\n<title>Solutions de signature \u00e9lectronique pour votre entreprise | Nowina<\/title>\n<meta name=\"description\" content=\"Nowina assure \u00e0 votre entreprise l&#039;excellence gr\u00e2ce aux experts en mati\u00e8re de solutions de signature \u00e9lectronique et de d\u00e9mat\u00e9rialisation.\" \/>\n<meta name=\"robots\" content=\"index, follow, max-snippet:-1, max-image-preview:large, max-video-preview:-1\" \/>\n<link rel=\"canonical\" href=\"https:\/\/nowina.lu\/fr\/entreprise-signature-electronique\/\" \/>\n<meta property=\"og:locale\" content=\"fr_FR\" \/>\n<meta property=\"og:type\" content=\"article\" \/>\n<meta property=\"og:title\" content=\"Solutions de signature \u00e9lectronique pour votre entreprise | Nowina\" \/>\n<meta property=\"og:description\" content=\"Nowina assure \u00e0 votre entreprise l&#039;excellence gr\u00e2ce aux experts en mati\u00e8re de solutions de signature \u00e9lectronique et de d\u00e9mat\u00e9rialisation.\" \/>\n<meta property=\"og:url\" content=\"https:\/\/nowina.lu\/fr\/entreprise-signature-electronique\/\" \/>\n<meta property=\"og:site_name\" content=\"Nowina\" \/>\n<meta property=\"article:publisher\" content=\"https:\/\/www.facebook.com\/nowinasolutions\/\" \/>\n<meta property=\"article:modified_time\" content=\"2023-06-07T12:29:04+00:00\" \/>\n<meta property=\"og:image\" content=\"https:\/\/nowina.lu\/wp-content\/uploads\/2021\/12\/Nowina_hapsSolution.jpg\" \/>\n\t<meta property=\"og:image:width\" content=\"1000\" \/>\n\t<meta property=\"og:image:height\" content=\"667\" \/>\n\t<meta property=\"og:image:type\" content=\"image\/jpeg\" \/>\n<meta name=\"twitter:card\" content=\"summary_large_image\" \/>\n<meta name=\"twitter:title\" content=\"Solutions de signature \u00e9lectronique pour votre entreprise | Nowina\" \/>\n<meta name=\"twitter:description\" content=\"Nowina assure \u00e0 votre entreprise l&#039;excellence gr\u00e2ce aux experts en mati\u00e8re de solutions de signature \u00e9lectronique et de d\u00e9mat\u00e9rialisation.\" \/>\n<meta name=\"twitter:image\" content=\"https:\/\/nowina.lu\/wp-content\/uploads\/2021\/12\/Nowina_hapsSolution.jpg\" \/>\n<meta name=\"twitter:site\" content=\"@NowinaSolutions\" \/>\n<meta name=\"twitter:label1\" content=\"Dur\u00e9e de lecture estim\u00e9e\" \/>\n\t<meta name=\"twitter:data1\" content=\"1 minute\" \/>\n<script type=\"application\/ld+json\" class=\"yoast-schema-graph\">{\"@context\":\"https:\\\/\\\/schema.org\",\"@graph\":[{\"@type\":\"WebPage\",\"@id\":\"https:\\\/\\\/nowina.lu\\\/fr\\\/entreprise-signature-electronique\\\/\",\"url\":\"https:\\\/\\\/nowina.lu\\\/fr\\\/entreprise-signature-electronique\\\/\",\"name\":\"Solutions de signature \u00e9lectronique pour votre entreprise | Nowina\",\"isPartOf\":{\"@id\":\"https:\\\/\\\/nowina.lu\\\/fr\\\/#website\"},\"primaryImageOfPage\":{\"@id\":\"https:\\\/\\\/nowina.lu\\\/fr\\\/entreprise-signature-electronique\\\/#primaryimage\"},\"image\":{\"@id\":\"https:\\\/\\\/nowina.lu\\\/fr\\\/entreprise-signature-electronique\\\/#primaryimage\"},\"thumbnailUrl\":\"https:\\\/\\\/nowina.lu\\\/wp-content\\\/uploads\\\/2021\\\/12\\\/R-e1639388550192.jpg\",\"datePublished\":\"2021-10-19T22:03:30+00:00\",\"dateModified\":\"2023-06-07T12:29:04+00:00\",\"description\":\"Nowina assure \u00e0 votre entreprise l'excellence gr\u00e2ce aux experts en mati\u00e8re de solutions de signature \u00e9lectronique et de d\u00e9mat\u00e9rialisation.\",\"breadcrumb\":{\"@id\":\"https:\\\/\\\/nowina.lu\\\/fr\\\/entreprise-signature-electronique\\\/#breadcrumb\"},\"inLanguage\":\"fr-FR\",\"potentialAction\":[{\"@type\":\"ReadAction\",\"target\":[\"https:\\\/\\\/nowina.lu\\\/fr\\\/entreprise-signature-electronique\\\/\"]}]},{\"@type\":\"ImageObject\",\"inLanguage\":\"fr-FR\",\"@id\":\"https:\\\/\\\/nowina.lu\\\/fr\\\/entreprise-signature-electronique\\\/#primaryimage\",\"url\":\"https:\\\/\\\/nowina.lu\\\/wp-content\\\/uploads\\\/2021\\\/12\\\/R-e1639388550192.jpg\",\"contentUrl\":\"https:\\\/\\\/nowina.lu\\\/wp-content\\\/uploads\\\/2021\\\/12\\\/R-e1639388550192.jpg\",\"width\":1920,\"height\":1200,\"caption\":\"Company-eSignature,DSS,paperless solutions\"},{\"@type\":\"BreadcrumbList\",\"@id\":\"https:\\\/\\\/nowina.lu\\\/fr\\\/entreprise-signature-electronique\\\/#breadcrumb\",\"itemListElement\":[{\"@type\":\"ListItem\",\"position\":1,\"name\":\"Home\",\"item\":\"https:\\\/\\\/nowina.lu\\\/fr\\\/\"},{\"@type\":\"ListItem\",\"position\":2,\"name\":\"L&#8217;entreprise\"}]},{\"@type\":\"WebSite\",\"@id\":\"https:\\\/\\\/nowina.lu\\\/fr\\\/#website\",\"url\":\"https:\\\/\\\/nowina.lu\\\/fr\\\/\",\"name\":\"nowina\",\"description\":\"Reap the benefits of electronic signature\",\"publisher\":{\"@id\":\"https:\\\/\\\/nowina.lu\\\/fr\\\/#organization\"},\"potentialAction\":[{\"@type\":\"SearchAction\",\"target\":{\"@type\":\"EntryPoint\",\"urlTemplate\":\"https:\\\/\\\/nowina.lu\\\/fr\\\/?s={search_term_string}\"},\"query-input\":{\"@type\":\"PropertyValueSpecification\",\"valueRequired\":true,\"valueName\":\"search_term_string\"}}],\"inLanguage\":\"fr-FR\"},{\"@type\":\"Organization\",\"@id\":\"https:\\\/\\\/nowina.lu\\\/fr\\\/#organization\",\"name\":\"Nowina Solutions\",\"url\":\"https:\\\/\\\/nowina.lu\\\/fr\\\/\",\"logo\":{\"@type\":\"ImageObject\",\"inLanguage\":\"fr-FR\",\"@id\":\"https:\\\/\\\/nowina.lu\\\/fr\\\/#\\\/schema\\\/logo\\\/image\\\/\",\"url\":\"https:\\\/\\\/nowina.lu\\\/\\\/wp-content\\\/uploads\\\/2021\\\/11\\\/logo-primary.png\",\"contentUrl\":\"https:\\\/\\\/nowina.lu\\\/\\\/wp-content\\\/uploads\\\/2021\\\/11\\\/logo-primary.png\",\"width\":501,\"height\":101,\"caption\":\"Nowina Solutions\"},\"image\":{\"@id\":\"https:\\\/\\\/nowina.lu\\\/fr\\\/#\\\/schema\\\/logo\\\/image\\\/\"},\"sameAs\":[\"https:\\\/\\\/www.facebook.com\\\/nowinasolutions\\\/\",\"https:\\\/\\\/x.com\\\/NowinaSolutions\",\"https:\\\/\\\/www.linkedin.com\\\/company\\\/nowina-solutions\\\/\"]}]}<\/script>\n<!-- \/ Yoast SEO plugin. -->","yoast_head_json":{"title":"Solutions de signature \u00e9lectronique pour votre entreprise | Nowina","description":"Nowina assure \u00e0 votre entreprise l'excellence gr\u00e2ce aux experts en mati\u00e8re de solutions de signature \u00e9lectronique et de d\u00e9mat\u00e9rialisation.","robots":{"index":"index","follow":"follow","max-snippet":"max-snippet:-1","max-image-preview":"max-image-preview:large","max-video-preview":"max-video-preview:-1"},"canonical":"https:\/\/nowina.lu\/fr\/entreprise-signature-electronique\/","og_locale":"fr_FR","og_type":"article","og_title":"Solutions de signature \u00e9lectronique pour votre entreprise | Nowina","og_description":"Nowina assure \u00e0 votre entreprise l'excellence gr\u00e2ce aux experts en mati\u00e8re de solutions de signature \u00e9lectronique et de d\u00e9mat\u00e9rialisation.","og_url":"https:\/\/nowina.lu\/fr\/entreprise-signature-electronique\/","og_site_name":"Nowina","article_publisher":"https:\/\/www.facebook.com\/nowinasolutions\/","article_modified_time":"2023-06-07T12:29:04+00:00","og_image":[{"width":1000,"height":667,"url":"https:\/\/nowina.lu\/wp-content\/uploads\/2021\/12\/Nowina_hapsSolution.jpg","type":"image\/jpeg"}],"twitter_card":"summary_large_image","twitter_title":"Solutions de signature \u00e9lectronique pour votre entreprise | Nowina","twitter_description":"Nowina assure \u00e0 votre entreprise l'excellence gr\u00e2ce aux experts en mati\u00e8re de solutions de signature \u00e9lectronique et de d\u00e9mat\u00e9rialisation.","twitter_image":"https:\/\/nowina.lu\/wp-content\/uploads\/2021\/12\/Nowina_hapsSolution.jpg","twitter_site":"@NowinaSolutions","twitter_misc":{"Dur\u00e9e de lecture estim\u00e9e":"1 minute"},"schema":{"@context":"https:\/\/schema.org","@graph":[{"@type":"WebPage","@id":"https:\/\/nowina.lu\/fr\/entreprise-signature-electronique\/","url":"https:\/\/nowina.lu\/fr\/entreprise-signature-electronique\/","name":"Solutions de signature \u00e9lectronique pour votre entreprise | Nowina","isPartOf":{"@id":"https:\/\/nowina.lu\/fr\/#website"},"primaryImageOfPage":{"@id":"https:\/\/nowina.lu\/fr\/entreprise-signature-electronique\/#primaryimage"},"image":{"@id":"https:\/\/nowina.lu\/fr\/entreprise-signature-electronique\/#primaryimage"},"thumbnailUrl":"https:\/\/nowina.lu\/wp-content\/uploads\/2021\/12\/R-e1639388550192.jpg","datePublished":"2021-10-19T22:03:30+00:00","dateModified":"2023-06-07T12:29:04+00:00","description":"Nowina assure \u00e0 votre entreprise l'excellence gr\u00e2ce aux experts en mati\u00e8re de solutions de signature \u00e9lectronique et de d\u00e9mat\u00e9rialisation.","breadcrumb":{"@id":"https:\/\/nowina.lu\/fr\/entreprise-signature-electronique\/#breadcrumb"},"inLanguage":"fr-FR","potentialAction":[{"@type":"ReadAction","target":["https:\/\/nowina.lu\/fr\/entreprise-signature-electronique\/"]}]},{"@type":"ImageObject","inLanguage":"fr-FR","@id":"https:\/\/nowina.lu\/fr\/entreprise-signature-electronique\/#primaryimage","url":"https:\/\/nowina.lu\/wp-content\/uploads\/2021\/12\/R-e1639388550192.jpg","contentUrl":"https:\/\/nowina.lu\/wp-content\/uploads\/2021\/12\/R-e1639388550192.jpg","width":1920,"height":1200,"caption":"Company-eSignature,DSS,paperless solutions"},{"@type":"BreadcrumbList","@id":"https:\/\/nowina.lu\/fr\/entreprise-signature-electronique\/#breadcrumb","itemListElement":[{"@type":"ListItem","position":1,"name":"Home","item":"https:\/\/nowina.lu\/fr\/"},{"@type":"ListItem","position":2,"name":"L&#8217;entreprise"}]},{"@type":"WebSite","@id":"https:\/\/nowina.lu\/fr\/#website","url":"https:\/\/nowina.lu\/fr\/","name":"nowina","description":"Reap the benefits of electronic signature","publisher":{"@id":"https:\/\/nowina.lu\/fr\/#organization"},"potentialAction":[{"@type":"SearchAction","target":{"@type":"EntryPoint","urlTemplate":"https:\/\/nowina.lu\/fr\/?s={search_term_string}"},"query-input":{"@type":"PropertyValueSpecification","valueRequired":true,"valueName":"search_term_string"}}],"inLanguage":"fr-FR"},{"@type":"Organization","@id":"https:\/\/nowina.lu\/fr\/#organization","name":"Nowina Solutions","url":"https:\/\/nowina.lu\/fr\/","logo":{"@type":"ImageObject","inLanguage":"fr-FR","@id":"https:\/\/nowina.lu\/fr\/#\/schema\/logo\/image\/","url":"https:\/\/nowina.lu\/\/wp-content\/uploads\/2021\/11\/logo-primary.png","contentUrl":"https:\/\/nowina.lu\/\/wp-content\/uploads\/2021\/11\/logo-primary.png","width":501,"height":101,"caption":"Nowina Solutions"},"image":{"@id":"https:\/\/nowina.lu\/fr\/#\/schema\/logo\/image\/"},"sameAs":["https:\/\/www.facebook.com\/nowinasolutions\/","https:\/\/x.com\/NowinaSolutions","https:\/\/www.linkedin.com\/company\/nowina-solutions\/"]}]}},"_links":{"self":[{"href":"https:\/\/nowina.lu\/fr\/wp-json\/wp\/v2\/pages\/423","targetHints":{"allow":["GET"]}}],"collection":[{"href":"https:\/\/nowina.lu\/fr\/wp-json\/wp\/v2\/pages"}],"about":[{"href":"https:\/\/nowina.lu\/fr\/wp-json\/wp\/v2\/types\/page"}],"author":[{"embeddable":true,"href":"https:\/\/nowina.lu\/fr\/wp-json\/wp\/v2\/users\/3"}],"replies":[{"embeddable":true,"href":"https:\/\/nowina.lu\/fr\/wp-json\/wp\/v2\/comments?post=423"}],"version-history":[{"count":102,"href":"https:\/\/nowina.lu\/fr\/wp-json\/wp\/v2\/pages\/423\/revisions"}],"predecessor-version":[{"id":2320,"href":"https:\/\/nowina.lu\/fr\/wp-json\/wp\/v2\/pages\/423\/revisions\/2320"}],"wp:featuredmedia":[{"embeddable":true,"href":"https:\/\/nowina.lu\/fr\/wp-json\/wp\/v2\/media\/1058"}],"wp:attachment":[{"href":"https:\/\/nowina.lu\/fr\/wp-json\/wp\/v2\/media?parent=423"}],"curies":[{"name":"wp","href":"https:\/\/api.w.org\/{rel}","templated":true}]}}