{"id":227,"date":"2021-11-15T21:44:21","date_gmt":"2021-11-15T21:44:21","guid":{"rendered":"https:\/\/nowina.lu\/\/accueil\/"},"modified":"2024-06-27T11:33:15","modified_gmt":"2024-06-27T11:33:15","slug":"accueil-solution-esignature","status":"publish","type":"page","link":"https:\/\/nowina.lu\/fr\/","title":{"rendered":"Accueil"},"content":{"rendered":"\n<div class=\"nwa-fullscreen\">\n\t\t\t\t<img decoding=\"async\" src=\"https:\/\/nowina.lu\/wp-content\/uploads\/2021\/12\/NowinaSolutions_eSignature-e1638950978939.jpg\" alt=\"solution eSignature sur mesure\" \/>\n\t\n\t<div class=\"nwa-fullscreen__gradient-top\"><\/div>\n\t<div class=\"nwa-fullscreen__gradient-left\"><\/div>\n\t<div class=\"nwa-fullscreen__gradient-bottom\"><\/div>\n\n\t<div class=\"nwa-fullscreen__content\">\n\t\t<div>\n\t\t\t<h1 class=\"nwa-heading-1 mb--16\">Profitez des avantages de la signature \u00e9lectronique.<\/h1>\n\t\t\t<p class=\"nwa-paragraph-1 mb--40 font-weight--600 color--white\"><\/p>\n\t\t\t<a href=\"https:\/\/nowina.lu\/fr\/entreprise-signature-electronique\/\" class=\"nwa-button nwa-button--white\">En savoir plus<\/a>\n\t\t<\/div>\n\t\t<a href=\"#content\" tabindex=\"0\" class=\"nwa-fullscreen__link\">Cliquez pour scroller<\/a>\t<\/div>\n<\/div>\n\n\n\n\n<section class=\"nwa-section nwa-section--primary-500\" id=\"content\">\n\t<div class=\"nwa-section__container\">\n\t\t<div class=\"nwa-container\">\n\t\t\t<h2 class=\"nwa-heading-2 mb--72 text-align--center\">Nowina en quelques chiffres<\/h2>\n\n\t\t\t <div class=\"nwa-grid nwa-grid--text-align--center\"> \t\t\t\t\t<div class=\"nwa-grid__col mb--56 mb--xs--0 nwa-grid__col--xs \">\n\t\t\t\t\t\t<p class=\"nwa-heading-2\">10<\/p>\n\t\t\t\t\t\t<p class=\"nwa-heading-6\">Ann\u00e9es \u00e0 votre service<\/p>\n\t\t\t\t\t<\/div>\n\t\t\t\t\t\t\t\t\t\t<div class=\"nwa-grid__col mb--56 mb--xs--0 nwa-grid__col--xs \">\n\t\t\t\t\t\t<p class=\"nwa-heading-2\">42<\/p>\n\t\t\t\t\t\t<p class=\"nwa-heading-6\">Employ\u00e9s exp\u00e9riment\u00e9s<\/p>\n\t\t\t\t\t<\/div>\n\t\t\t\t\t\t\t\t\t\t<div class=\"nwa-grid__col  nwa-grid__col--xs \">\n\t\t\t\t\t\t<p class=\"nwa-heading-2\">43<\/p>\n\t\t\t\t\t\t<p class=\"nwa-heading-6\">Projets entrepris<\/p>\n\t\t\t\t\t<\/div>\n\t\t\t\t\t<\/div>\t\t<\/div>\n\t<\/div>\n<\/section>\n\n\n\n\n<section class=\"nwa-section nwa-section--masked nwa-section--white nwa-section-previous--primary-500\">\n\t<div class=\"nwa-section__mask\">\n\t\t<span class=\"bg--tertiary-500\"><\/span>\n\t<\/div>\n\n\t<div class=\"nwa-section__container\">\n\t\t<div class=\"nwa-container\">\n\t\t\t<div class=\"nwa-grid\"> \t\t\t\t\t\t<div class=\"nwa-grid__col--12 nwa-grid__col--xs--6 nwa-grid__col--md--4 mb--56 mb--xs--88\">\n\t\t\t\t\t\t\t<h3 class=\"nwa-heading-3 color--black mb--16\">Pourquoi choisir Nowina Solutions ?<\/h3>\n\t\t\t\t\t\t\t<h6 class=\"nwa-heading-6 color--primary-500\">Un choix qui fait la diff\u00e9rence.<\/h6>\n\t\t\t\t\t\t<\/div>\n\t\t\t\t\t\t\t\t\t\t<div class=\"nwa-grid__col--12 nwa-grid__col--xs--6 nwa-grid__col--md--4 text-align--xs--center mb--56 mb--xs--88\">\n\t\t\t\t\t\t\t\t\t\t\t\t<img decoding=\"async\" src=\"https:\/\/nowina.lu\/wp-content\/uploads\/2021\/10\/nowina-esignature-expert.svg\" alt=\"\" class=\"mb--16\" \/>\n\t\t\t\t\t\t\t\t\t\t\t<p class=\"nwa-heading-6 color--primary-500 mb--16\">Expert de l&rsquo;eSignature<\/p>\n\t\t\t\t\t\t<div class=\"nwa-paragraph-2\"><p>Une \u00e9quipe de <strong>sp\u00e9cialistes<\/strong> motiv\u00e9s, qualifi\u00e9s et comp\u00e9tents au sujet d&rsquo;eIDAS, DSS et de l&rsquo;eSignature.<\/p>\n<\/div>\n\t\t\t\t\t<\/div>\n\t\t\t\t\t\t\t\t\t\t<div class=\"nwa-grid__col--12 nwa-grid__col--xs--6 nwa-grid__col--md--4 text-align--xs--center mb--56 mb--xs--88\">\n\t\t\t\t\t\t\t\t\t\t\t\t<img decoding=\"async\" src=\"https:\/\/nowina.lu\/wp-content\/uploads\/2021\/10\/nowina-dedicated-team.svg\" alt=\"\" class=\"mb--16\" \/>\n\t\t\t\t\t\t\t\t\t\t\t<p class=\"nwa-heading-6 color--primary-500 mb--16\">Une \u00e9quipe d\u00e9vou\u00e9e<\/p>\n\t\t\t\t\t\t<div class=\"nwa-paragraph-2\"><p>Nous nous effor\u00e7ons de satisfaire nos clients gr\u00e2ce \u00e0 des <strong>employ\u00e9s engag\u00e9s<\/strong> qui se concentrent sur ce qui apporte une valeur ajout\u00e9e pour vous et votre entreprise.<\/p>\n<\/div>\n\t\t\t\t\t<\/div>\n\t\t\t\t\t\t\t\t\t\t<div class=\"nwa-grid__col--12 nwa-grid__col--xs--6 nwa-grid__col--md--4 text-align--xs--center mb--56 mb--xs--88\">\n\t\t\t\t\t\t\t\t\t\t\t\t<img decoding=\"async\" src=\"https:\/\/nowina.lu\/wp-content\/uploads\/2021\/10\/nowina-agile-company.svg\" alt=\"\" class=\"mb--16\" \/>\n\t\t\t\t\t\t\t\t\t\t\t<p class=\"nwa-heading-6 color--primary-500 mb--16\">Adaptabilit\u00e9 <\/p>\n\t\t\t\t\t\t<div class=\"nwa-paragraph-2\"><p>Quel que soit votre <strong>secteur<\/strong> d&rsquo;activit\u00e9, notre \u00e9quipe sera en mesure de vous apporter les solutions dont vous avez besoin.<\/p>\n<\/div>\n\t\t\t\t\t<\/div>\n\t\t\t\t\t\t\t\t\t\t<div class=\"nwa-grid__col--12 nwa-grid__col--xs--6 nwa-grid__col--md--4 text-align--xs--center mb--56 mb--xs--88\">\n\t\t\t\t\t\t\t\t\t\t\t\t<img decoding=\"async\" src=\"https:\/\/nowina.lu\/wp-content\/uploads\/2021\/10\/nowina-analysis.svg\" alt=\"\" class=\"mb--16\" \/>\n\t\t\t\t\t\t\t\t\t\t\t<p class=\"nwa-heading-6 color--primary-500 mb--16\">Recherches et analyses<\/p>\n\t\t\t\t\t\t<div class=\"nwa-paragraph-2\"><p>Nous nous attachons \u00e0 bien comprendre votre activit\u00e9 pour vous proposer une solution<strong> adapt\u00e9e<\/strong> \u00e0 vos besoins.<\/p>\n<\/div>\n\t\t\t\t\t<\/div>\n\t\t\t\t\t\t\t\t\t\t<div class=\"nwa-grid__col--12 nwa-grid__col--xs--6 nwa-grid__col--md--4 text-align--xs--center mb--56 mb--xs--88\">\n\t\t\t\t\t\t\t\t\t\t\t\t<img decoding=\"async\" src=\"https:\/\/nowina.lu\/wp-content\/uploads\/2021\/10\/nowina-solutions.svg\" alt=\"\" class=\"mb--16\" \/>\n\t\t\t\t\t\t\t\t\t\t\t<p class=\"nwa-heading-6 color--primary-500 mb--16\">Solutions innovantes<\/p>\n\t\t\t\t\t\t<div class=\"nwa-paragraph-2\"><p>Dans un environnement concurrentiel, nous perfectionnons constamment nos solutions en termes de <strong>qualit\u00e9<\/strong>, de <strong>conception<\/strong> et de <strong>durabilit\u00e9<\/strong> environnementale.<\/p>\n<\/div>\n\t\t\t\t\t<\/div>\n\t\t\t\t\t<\/div>\n\n\t\t\t\t<div class=\"nwa-grid\">\n\t\t\t\t\t\t\t\t\t\t\t\t<div class=\"nwa-grid__col nwa-grid__col--xs--6\">\n\t\t\t\t\t\t\t\t<div class=\"nwa-wysiwyg\"><p>Nowina Solutions est une soci\u00e9t\u00e9 <strong>innovante<\/strong>, compos\u00e9e d&rsquo;une \u00e9quipe d&rsquo;<strong>experts<\/strong> qui se consacre \u00e0 aider ses clients de la mani\u00e8re la plus efficace et la plus impactante.<\/p>\n<p>Comme nous sommes d\u00e9vou\u00e9s aux personnes que nous servons et aux solutions que nous mettons en \u0153uvre, nous nous effor\u00e7ons de cr\u00e9er une <strong>solution sur mesure<\/strong> pour chaque entreprise en fonction de vos besoins.<\/p>\n<p>Avec nous, vous pouvez compter sur un service enti\u00e8rement <strong>adapt\u00e9 \u00e0 votre entreprise<\/strong>. Nous prenons le temps d&rsquo;effectuer et de faire les recherches n\u00e9cessaires pour identifier la solution la plus adapt\u00e9e.<\/p>\n<\/div>\n\t\t\t\t\t\t\t<\/div>\t\t\t\t\t\t\t<div class=\"nwa-grid__col nwa-grid__col--xs--6\">\n\t\t\t\t\t\t\t<div class=\"nwa-wysiwyg\"><p>Nous nous engageons \u00e0 construire une <strong>relation<\/strong> forte et durable avec nos clients et \u00e0 devenir un v\u00e9ritable partenaire de confiance.<\/p>\n<p>R\u00e9activit\u00e9, honn\u00eatet\u00e9 et transparence sont des imp\u00e9ratifs pour gagner votre<strong> confiance<\/strong>, le tout dans un environnement bienveillant et s\u00e9curis\u00e9.<\/p>\n<\/div>\n\t\t\t\t\t\t\t<\/div>\t\t\t\t<\/div>\n\n\t\t\t\t<div class=\"mt--56 mt--xs--88\"><a href=\"https:\/\/nowina.lu\/fr\/entreprise-signature-electronique\/\" class=\"nwa-button nwa-button--primary-500\">En savoir plus<\/a><\/div>\n\t\t<\/div>\n\t<\/div>\n<\/section>\n\n\n\n\n<section class=\"nwa-section nwa-section--masked nwa-section--grey-100 nwa-section-previous--white\">\n\t<div class=\"nwa-section__mask\">\n\t\t<span class=\"bg--primary-400\"><\/span>\n\t\t<span class=\"bg--teriary-500\"><\/span>\n\t<\/div>\n\n\t<div class=\"nwa-section__container\">\n\t\t<div class=\"nwa-container\">\n\t\t\t<h2 class=\"nwa-heading-2 mb--48 mb--xs--72 color--black\">Nos solutions<\/h2>\n\n\t\t\t\n\t\t\t\t\t<div class=\"nwa-row-image-text\">\n\t\t\t\t\t\t<div class=\"nwa-row-image-text__left\">\n\t\t\t\t\t\t\t\t\t\t\t\t\t\t\t\t<img decoding=\"async\" src=\"https:\/\/nowina.lu\/wp-content\/uploads\/2021\/12\/Nowina_EVAPlatform-e1638948030857.jpg\" alt=\"solution eSignature EVA platform\" \/>\t\t\t\t\t\t<\/div>\n\t\t\t\t\t\t<div class=\"nwa-row-image-text__right\">\n\t\t\t\t\t\t\t<h6 class=\"nwa-heading-6 color--primary-500 mb--16\">Plateforme de signature de documents \u2013 EVA<\/h6>\n\t\t\t\t\t\t\t<p class=\"nwa-paragraph-2\">La plateforme EVA eSignature offre \u00e0 votre entreprise un moyen pratique et s\u00e9curis\u00e9 de signer vos documents. Cr\u00e9ez et ex\u00e9cutez un syst\u00e8me de signature de documents d&rsquo;entreprise en un rien de temps. <br \/>\r\n<br \/>\r\nCommencez d\u00e8s aujourd\u2019hui \u00e0 utiliser EVA <\/p>\n\t\t\t\t\t\t<\/div>\n\t\t\t\t\t<\/div>\n\n\t\t\t\t\t\n\t\t\t\t\t<div class=\"nwa-row-image-text\">\n\t\t\t\t\t\t<div class=\"nwa-row-image-text__left\">\n\t\t\t\t\t\t\t\t\t\t\t\t\t\t\t\t<img decoding=\"async\" src=\"https:\/\/nowina.lu\/wp-content\/uploads\/2021\/12\/nowina-arno-solution-1.png\" alt=\"Arno solution sur mesure-financial sector people working\" \/>\t\t\t\t\t\t<\/div>\n\t\t\t\t\t\t<div class=\"nwa-row-image-text__right\">\n\t\t\t\t\t\t\t<h6 class=\"nwa-heading-6 color--primary-500 mb--16\">Solution flexible d&rsquo;auto-certification et reporting CRS \u2013 ARNO<\/h6>\n\t\t\t\t\t\t\t<p class=\"nwa-paragraph-2\">D\u00e9couvrez notre solution ARNO \u00e0 guichet unique qui permet aux institutions financi\u00e8res de collecter les informations n\u00e9cessaires \u00e0 la d\u00e9claration des NCD et de les communiquer aux autorit\u00e9s fiscales de mani\u00e8re s\u00e9curis\u00e9e, transparente, rentable et intelligente.<\/p>\n\t\t\t\t\t\t<\/div>\n\t\t\t\t\t<\/div>\n\n\t\t\t\t\t\n\t\t\t\t\t<div class=\"nwa-row-image-text\">\n\t\t\t\t\t\t<div class=\"nwa-row-image-text__left\">\n\t\t\t\t\t\t\t\t\t\t\t\t\t\t\t\t<img decoding=\"async\" src=\"https:\/\/nowina.lu\/wp-content\/uploads\/2021\/12\/Nowina_hapsSolution-1.jpg\" alt=\"Groupe d&#039;hommes et de femmes d&#039;affaires utilisant une tablette - solution sur mesure\" \/>\t\t\t\t\t\t<\/div>\n\t\t\t\t\t\t<div class=\"nwa-row-image-text__right\">\n\t\t\t\t\t\t\t<h6 class=\"nwa-heading-6 color--primary-500 mb--16\">Logiciel de gestion de la client\u00e8le sans papier \u2013 HAPS<\/h6>\n\t\t\t\t\t\t\t<p class=\"nwa-paragraph-2\">Vous \u00eates banquier priv\u00e9 ou assureur vie ? D\u00e9barrassez-vous de la paperasse qui s&rsquo;accumule lors de l&rsquo;acquisition d&rsquo;un nouveau client.<br \/>\r\n<br \/>\r\nChoisissez HAPS, notre logiciel d&rsquo;accueil sans papier qui rend l&rsquo;acquisition de clients simple, efficace et enti\u00e8rement d\u00e9mat\u00e9rialis\u00e9e. <\/p>\n\t\t\t\t\t\t<\/div>\n\t\t\t\t\t<\/div>\n\n\t\t\t\t\t<\/div>\t\t<\/div>\n\t<\/div>\n<\/section>\n\n\n\n\n<section class=\"nwa-section nwa-section--masked nwa-section--white nwa-section-previous--grey-100\">\n\t<div class=\"nwa-section__mask\">\n\t\t<span><\/span>\n\t<\/div>\n\n\t<div class=\"nwa-section__container\">\n\t\t<div class=\"nwa-container\">\n\t\t\t <h3 class=\"nwa-heading-2 color--black mb--48 mb--xs--72 text-align--center\">Int\u00e9ress\u00e9 par l&rsquo;une de nos solutions? N&rsquo;h\u00e9sitez pas \u00e0 nous contacter. <\/h3> \t\t\t\t<div class=\"text-align--center\"><a href=\"https:\/\/nowina.lu\/fr\/contact\/\" class=\"nwa-button nwa-button--primary-500\">Contactez-nous<\/a><\/div>\n\t\t<\/div>\n\t<\/div>\n<\/section>\n\n\n\n\n<section class=\"nwa-section nwa-section--masked nwa-section--primary-500 nwa-section-previous--white\">\n\t<div class=\"nwa-section__mask nwa-section__mask--reversed\">\n\t\t<span class=\"bg--tertiary-400\"><\/span>\n\t\t<span class=\"bg--primary-400\"><\/span>\n\t<\/div>\n\n\t<div class=\"nwa-section__container\">\n\t\t<div class=\"nwa-container\">\n\t\t\t<h2 class=\"nwa-heading-2 mb--48 mb--xs--72 text-align--center\">Consultez notre blog<\/h2>\n\t\t\t<div class=\"nwa-grid\">\n\t\t\t\t\t\t\t\t\t\t\t\t\t<div class=\"nwa-grid__col--12 nwa-grid__col--xs--6 nwa-grid__col--md--4 mb--72\">\n\t\t\t\t\t\t<article class=\"nwa-article-card\">\n\t\t\t\t\t\t\t<div class=\"nwa-article-card__image\">\n\t\t\t\t\t\t\t<img decoding=\"async\" src=\"https:\/\/nowina.lu\/wp-content\/themes\/nowina\/assets\/images\/nowina-blog.jpg\" \/> \t\t\t\t\t\t\t<\/div>\n\t\t\t\t\t\t\t<div class=\"nwa-article-card__content\">\n\t\t\t\t\t\t\t\t<header>\n\t\t\t\t\t\t\t\t\t<h6 class=\"nwa-heading-6 color--black mb--8\">Signature \u00e9lectronique : 8 crit\u00e8res pour choisir un prestataire de confiance<\/h6>\n\t\t\t\t\t\t\t\t<\/header>\n\t\t\t\t\t\t\t\t<p class=\"nwa-paragraph-2 color--black mb--8\">Gagner du temps, fluidifier les processus m\u00e9tiers, signer et valider des documents avec des partenaires \u00e0 distance : les avantages [&hellip;]<\/p>\n\t\t\t\t\t\t\t\t<a class=\"nwa-link nwa-link--stretched\" href=\"https:\/\/nowina.lu\/fr\/signature-electronique-criteres-pour-choisir-un-prestataire-de-confiance\/\">Read more<\/a>\n\t\t\t\t\t\t\t<\/div>\n\t\t\t\t\t\t<\/article>\n\t\t\t\t\t<\/div>\n\t\t\t\t\t\t\t\t<div class=\"nwa-grid__col--12 nwa-grid__col--xs--6 nwa-grid__col--md--4 mb--72\">\n\t\t\t\t\t\t<article class=\"nwa-article-card\">\n\t\t\t\t\t\t\t<div class=\"nwa-article-card__image\">\n\t\t\t\t\t\t\t<img decoding=\"async\" src=\"https:\/\/nowina.lu\/wp-content\/themes\/nowina\/assets\/images\/nowina-blog.jpg\" \/> \t\t\t\t\t\t\t<\/div>\n\t\t\t\t\t\t\t<div class=\"nwa-article-card__content\">\n\t\t\t\t\t\t\t\t<header>\n\t\t\t\t\t\t\t\t\t<h6 class=\"nwa-heading-6 color--black mb--8\">Quels documents n\u00e9cessitent une signature \u00e9lectronique qualifi\u00e9e ?<\/h6>\n\t\t\t\t\t\t\t\t<\/header>\n\t\t\t\t\t\t\t\t<p class=\"nwa-paragraph-2 color--black mb--8\">Avec la d\u00e9mat\u00e9rialisation des \u00e9changes et l\u2019automatisation des processus m\u00e9tier, de plus en plus de documents \u00e0 valeur l\u00e9gale sont [&hellip;]<\/p>\n\t\t\t\t\t\t\t\t<a class=\"nwa-link nwa-link--stretched\" href=\"https:\/\/nowina.lu\/fr\/quels-documents-necessitent-une-signature-electronique-qualifiee\/\">Read more<\/a>\n\t\t\t\t\t\t\t<\/div>\n\t\t\t\t\t\t<\/article>\n\t\t\t\t\t<\/div>\n\t\t\t\t\t\t\t\t<div class=\"nwa-grid__col--12 nwa-grid__col--xs--6 nwa-grid__col--md--4 mb--72\">\n\t\t\t\t\t\t<article class=\"nwa-article-card\">\n\t\t\t\t\t\t\t<div class=\"nwa-article-card__image\">\n\t\t\t\t\t\t\t<img decoding=\"async\" src=\"https:\/\/nowina.lu\/wp-content\/themes\/nowina\/assets\/images\/nowina-blog.jpg\" \/> \t\t\t\t\t\t\t<\/div>\n\t\t\t\t\t\t\t<div class=\"nwa-article-card__content\">\n\t\t\t\t\t\t\t\t<header>\n\t\t\t\t\t\t\t\t\t<h6 class=\"nwa-heading-6 color--black mb--8\">Comment mettre en place une signature \u00e9lectronique dans votre application ?<\/h6>\n\t\t\t\t\t\t\t\t<\/header>\n\t\t\t\t\t\t\t\t<p class=\"nwa-paragraph-2 color--black mb--8\">Si vous d\u00e9veloppez une application SaaS \u2014 solution RH, outil de gestion de contrats, plateforme financi\u00e8re ou service en ligne [&hellip;]<\/p>\n\t\t\t\t\t\t\t\t<a class=\"nwa-link nwa-link--stretched\" href=\"https:\/\/nowina.lu\/fr\/comment-mettre-en-place-une-signature-electronique-dans-votre-application\/\">Read more<\/a>\n\t\t\t\t\t\t\t<\/div>\n\t\t\t\t\t\t<\/article>\n\t\t\t\t\t<\/div>\n\t\t\t\t\t\t\t\t\t<\/div>\n\t\t<\/div>\n\n\t\t<div class=\"text-align--center\"><a href=\"https:\/\/nowina.lu\/\/fr\/blog\/\" class=\"nwa-button nwa-button--white\">Voir tous les articles<\/a><\/div> \t<\/div>\n<\/section>\n\n\n\n\n<p><\/p>\n","protected":false},"excerpt":{"rendered":"","protected":false},"author":3,"featured_media":585,"parent":0,"menu_order":0,"comment_status":"closed","ping_status":"open","template":"","meta":{"content-type":"","footnotes":""},"class_list":["post-227","page","type-page","status-publish","has-post-thumbnail","hentry"],"acf":[],"yoast_head":"<!-- This site is optimized with the Yoast SEO plugin v27.4 - https:\/\/yoast.com\/product\/yoast-seo-wordpress\/ -->\n<title>Solution de signature \u00e9lectronique | Nowina Solutions<\/title>\n<meta name=\"description\" content=\"La solution d&#039;eSignature sur mesure EVA offre \u00e0 votre entreprise un moyen facile \u00e0 utiliser et s\u00e9curis\u00e9 pour signer vos documents.\" \/>\n<meta name=\"robots\" content=\"index, follow, max-snippet:-1, max-image-preview:large, max-video-preview:-1\" \/>\n<link rel=\"canonical\" href=\"https:\/\/nowina.lu\/fr\/\" \/>\n<meta property=\"og:locale\" content=\"fr_FR\" \/>\n<meta property=\"og:type\" content=\"article\" \/>\n<meta property=\"og:title\" content=\"Solution de signature \u00e9lectronique | Nowina Solutions\" \/>\n<meta property=\"og:description\" content=\"La solution d&#039;eSignature sur mesure EVA offre \u00e0 votre entreprise un moyen facile \u00e0 utiliser et s\u00e9curis\u00e9 pour signer vos documents.\" \/>\n<meta property=\"og:url\" content=\"https:\/\/nowina.lu\/fr\/\" \/>\n<meta property=\"og:site_name\" content=\"Nowina\" \/>\n<meta property=\"article:publisher\" content=\"https:\/\/www.facebook.com\/nowinasolutions\/\" \/>\n<meta property=\"article:modified_time\" content=\"2024-06-27T11:33:15+00:00\" \/>\n<meta property=\"og:image\" content=\"https:\/\/nowina.lu\/wp-content\/uploads\/2021\/11\/eSignatureexpertunionEuropean.jpg\" \/>\n\t<meta property=\"og:image:width\" content=\"1000\" \/>\n\t<meta property=\"og:image:height\" content=\"668\" \/>\n\t<meta property=\"og:image:type\" content=\"image\/jpeg\" \/>\n<meta name=\"twitter:card\" content=\"summary_large_image\" \/>\n<meta name=\"twitter:image\" content=\"https:\/\/nowina.lu\/wp-content\/uploads\/2021\/11\/eSignatureexpertunionEuropean.jpg\" \/>\n<meta name=\"twitter:site\" content=\"@NowinaSolutions\" \/>\n<meta name=\"twitter:label1\" content=\"Dur\u00e9e de lecture estim\u00e9e\" \/>\n\t<meta name=\"twitter:data1\" content=\"1 minute\" \/>\n<script type=\"application\/ld+json\" class=\"yoast-schema-graph\">{\"@context\":\"https:\\\/\\\/schema.org\",\"@graph\":[{\"@type\":\"WebPage\",\"@id\":\"https:\\\/\\\/nowina.lu\\\/fr\\\/\",\"url\":\"https:\\\/\\\/nowina.lu\\\/fr\\\/\",\"name\":\"Solution de signature \u00e9lectronique | Nowina Solutions\",\"isPartOf\":{\"@id\":\"https:\\\/\\\/nowina.lu\\\/fr\\\/#website\"},\"primaryImageOfPage\":{\"@id\":\"https:\\\/\\\/nowina.lu\\\/fr\\\/#primaryimage\"},\"image\":{\"@id\":\"https:\\\/\\\/nowina.lu\\\/fr\\\/#primaryimage\"},\"thumbnailUrl\":\"https:\\\/\\\/nowina.lu\\\/wp-content\\\/uploads\\\/2021\\\/12\\\/NowinaSolutions_eSignature-e1638950978939.jpg\",\"datePublished\":\"2021-11-15T21:44:21+00:00\",\"dateModified\":\"2024-06-27T11:33:15+00:00\",\"description\":\"La solution d'eSignature sur mesure EVA offre \u00e0 votre entreprise un moyen facile \u00e0 utiliser et s\u00e9curis\u00e9 pour signer vos documents.\",\"breadcrumb\":{\"@id\":\"https:\\\/\\\/nowina.lu\\\/fr\\\/#breadcrumb\"},\"inLanguage\":\"fr-FR\",\"potentialAction\":[{\"@type\":\"ReadAction\",\"target\":[\"https:\\\/\\\/nowina.lu\\\/fr\\\/\"]}]},{\"@type\":\"ImageObject\",\"inLanguage\":\"fr-FR\",\"@id\":\"https:\\\/\\\/nowina.lu\\\/fr\\\/#primaryimage\",\"url\":\"https:\\\/\\\/nowina.lu\\\/wp-content\\\/uploads\\\/2021\\\/12\\\/NowinaSolutions_eSignature-e1638950978939.jpg\",\"contentUrl\":\"https:\\\/\\\/nowina.lu\\\/wp-content\\\/uploads\\\/2021\\\/12\\\/NowinaSolutions_eSignature-e1638950978939.jpg\",\"width\":1400,\"height\":613,\"caption\":\"solution eSignature sur mesure\"},{\"@type\":\"BreadcrumbList\",\"@id\":\"https:\\\/\\\/nowina.lu\\\/fr\\\/#breadcrumb\",\"itemListElement\":[{\"@type\":\"ListItem\",\"position\":1,\"name\":\"Home\",\"item\":\"https:\\\/\\\/nowina.lu\\\/fr\\\/\"},{\"@type\":\"ListItem\",\"position\":2,\"name\":\"Accueil\"}]},{\"@type\":\"WebSite\",\"@id\":\"https:\\\/\\\/nowina.lu\\\/fr\\\/#website\",\"url\":\"https:\\\/\\\/nowina.lu\\\/fr\\\/\",\"name\":\"nowina\",\"description\":\"Reap the benefits of electronic signature\",\"publisher\":{\"@id\":\"https:\\\/\\\/nowina.lu\\\/fr\\\/#organization\"},\"potentialAction\":[{\"@type\":\"SearchAction\",\"target\":{\"@type\":\"EntryPoint\",\"urlTemplate\":\"https:\\\/\\\/nowina.lu\\\/fr\\\/?s={search_term_string}\"},\"query-input\":{\"@type\":\"PropertyValueSpecification\",\"valueRequired\":true,\"valueName\":\"search_term_string\"}}],\"inLanguage\":\"fr-FR\"},{\"@type\":\"Organization\",\"@id\":\"https:\\\/\\\/nowina.lu\\\/fr\\\/#organization\",\"name\":\"Nowina Solutions\",\"url\":\"https:\\\/\\\/nowina.lu\\\/fr\\\/\",\"logo\":{\"@type\":\"ImageObject\",\"inLanguage\":\"fr-FR\",\"@id\":\"https:\\\/\\\/nowina.lu\\\/fr\\\/#\\\/schema\\\/logo\\\/image\\\/\",\"url\":\"https:\\\/\\\/nowina.lu\\\/\\\/wp-content\\\/uploads\\\/2021\\\/11\\\/logo-primary.png\",\"contentUrl\":\"https:\\\/\\\/nowina.lu\\\/\\\/wp-content\\\/uploads\\\/2021\\\/11\\\/logo-primary.png\",\"width\":501,\"height\":101,\"caption\":\"Nowina Solutions\"},\"image\":{\"@id\":\"https:\\\/\\\/nowina.lu\\\/fr\\\/#\\\/schema\\\/logo\\\/image\\\/\"},\"sameAs\":[\"https:\\\/\\\/www.facebook.com\\\/nowinasolutions\\\/\",\"https:\\\/\\\/x.com\\\/NowinaSolutions\",\"https:\\\/\\\/www.linkedin.com\\\/company\\\/nowina-solutions\\\/\"]}]}<\/script>\n<!-- \/ Yoast SEO plugin. -->","yoast_head_json":{"title":"Solution de signature \u00e9lectronique | Nowina Solutions","description":"La solution d'eSignature sur mesure EVA offre \u00e0 votre entreprise un moyen facile \u00e0 utiliser et s\u00e9curis\u00e9 pour signer vos documents.","robots":{"index":"index","follow":"follow","max-snippet":"max-snippet:-1","max-image-preview":"max-image-preview:large","max-video-preview":"max-video-preview:-1"},"canonical":"https:\/\/nowina.lu\/fr\/","og_locale":"fr_FR","og_type":"article","og_title":"Solution de signature \u00e9lectronique | Nowina Solutions","og_description":"La solution d'eSignature sur mesure EVA offre \u00e0 votre entreprise un moyen facile \u00e0 utiliser et s\u00e9curis\u00e9 pour signer vos documents.","og_url":"https:\/\/nowina.lu\/fr\/","og_site_name":"Nowina","article_publisher":"https:\/\/www.facebook.com\/nowinasolutions\/","article_modified_time":"2024-06-27T11:33:15+00:00","og_image":[{"width":1000,"height":668,"url":"https:\/\/nowina.lu\/wp-content\/uploads\/2021\/11\/eSignatureexpertunionEuropean.jpg","type":"image\/jpeg"}],"twitter_card":"summary_large_image","twitter_image":"https:\/\/nowina.lu\/wp-content\/uploads\/2021\/11\/eSignatureexpertunionEuropean.jpg","twitter_site":"@NowinaSolutions","twitter_misc":{"Dur\u00e9e de lecture estim\u00e9e":"1 minute"},"schema":{"@context":"https:\/\/schema.org","@graph":[{"@type":"WebPage","@id":"https:\/\/nowina.lu\/fr\/","url":"https:\/\/nowina.lu\/fr\/","name":"Solution de signature \u00e9lectronique | Nowina Solutions","isPartOf":{"@id":"https:\/\/nowina.lu\/fr\/#website"},"primaryImageOfPage":{"@id":"https:\/\/nowina.lu\/fr\/#primaryimage"},"image":{"@id":"https:\/\/nowina.lu\/fr\/#primaryimage"},"thumbnailUrl":"https:\/\/nowina.lu\/wp-content\/uploads\/2021\/12\/NowinaSolutions_eSignature-e1638950978939.jpg","datePublished":"2021-11-15T21:44:21+00:00","dateModified":"2024-06-27T11:33:15+00:00","description":"La solution d'eSignature sur mesure EVA offre \u00e0 votre entreprise un moyen facile \u00e0 utiliser et s\u00e9curis\u00e9 pour signer vos documents.","breadcrumb":{"@id":"https:\/\/nowina.lu\/fr\/#breadcrumb"},"inLanguage":"fr-FR","potentialAction":[{"@type":"ReadAction","target":["https:\/\/nowina.lu\/fr\/"]}]},{"@type":"ImageObject","inLanguage":"fr-FR","@id":"https:\/\/nowina.lu\/fr\/#primaryimage","url":"https:\/\/nowina.lu\/wp-content\/uploads\/2021\/12\/NowinaSolutions_eSignature-e1638950978939.jpg","contentUrl":"https:\/\/nowina.lu\/wp-content\/uploads\/2021\/12\/NowinaSolutions_eSignature-e1638950978939.jpg","width":1400,"height":613,"caption":"solution eSignature sur mesure"},{"@type":"BreadcrumbList","@id":"https:\/\/nowina.lu\/fr\/#breadcrumb","itemListElement":[{"@type":"ListItem","position":1,"name":"Home","item":"https:\/\/nowina.lu\/fr\/"},{"@type":"ListItem","position":2,"name":"Accueil"}]},{"@type":"WebSite","@id":"https:\/\/nowina.lu\/fr\/#website","url":"https:\/\/nowina.lu\/fr\/","name":"nowina","description":"Reap the benefits of electronic signature","publisher":{"@id":"https:\/\/nowina.lu\/fr\/#organization"},"potentialAction":[{"@type":"SearchAction","target":{"@type":"EntryPoint","urlTemplate":"https:\/\/nowina.lu\/fr\/?s={search_term_string}"},"query-input":{"@type":"PropertyValueSpecification","valueRequired":true,"valueName":"search_term_string"}}],"inLanguage":"fr-FR"},{"@type":"Organization","@id":"https:\/\/nowina.lu\/fr\/#organization","name":"Nowina Solutions","url":"https:\/\/nowina.lu\/fr\/","logo":{"@type":"ImageObject","inLanguage":"fr-FR","@id":"https:\/\/nowina.lu\/fr\/#\/schema\/logo\/image\/","url":"https:\/\/nowina.lu\/\/wp-content\/uploads\/2021\/11\/logo-primary.png","contentUrl":"https:\/\/nowina.lu\/\/wp-content\/uploads\/2021\/11\/logo-primary.png","width":501,"height":101,"caption":"Nowina Solutions"},"image":{"@id":"https:\/\/nowina.lu\/fr\/#\/schema\/logo\/image\/"},"sameAs":["https:\/\/www.facebook.com\/nowinasolutions\/","https:\/\/x.com\/NowinaSolutions","https:\/\/www.linkedin.com\/company\/nowina-solutions\/"]}]}},"_links":{"self":[{"href":"https:\/\/nowina.lu\/fr\/wp-json\/wp\/v2\/pages\/227","targetHints":{"allow":["GET"]}}],"collection":[{"href":"https:\/\/nowina.lu\/fr\/wp-json\/wp\/v2\/pages"}],"about":[{"href":"https:\/\/nowina.lu\/fr\/wp-json\/wp\/v2\/types\/page"}],"author":[{"embeddable":true,"href":"https:\/\/nowina.lu\/fr\/wp-json\/wp\/v2\/users\/3"}],"replies":[{"embeddable":true,"href":"https:\/\/nowina.lu\/fr\/wp-json\/wp\/v2\/comments?post=227"}],"version-history":[{"count":69,"href":"https:\/\/nowina.lu\/fr\/wp-json\/wp\/v2\/pages\/227\/revisions"}],"predecessor-version":[{"id":2406,"href":"https:\/\/nowina.lu\/fr\/wp-json\/wp\/v2\/pages\/227\/revisions\/2406"}],"wp:featuredmedia":[{"embeddable":true,"href":"https:\/\/nowina.lu\/fr\/wp-json\/wp\/v2\/media\/585"}],"wp:attachment":[{"href":"https:\/\/nowina.lu\/fr\/wp-json\/wp\/v2\/media?parent=227"}],"curies":[{"name":"wp","href":"https:\/\/api.w.org\/{rel}","templated":true}]}}